{"id":22501,"date":"2022-08-24T12:40:10","date_gmt":"2022-08-24T16:40:10","guid":{"rendered":"https:\/\/prdev.timelesstoday.io\/books-2\/"},"modified":"2023-02-15T07:08:52","modified_gmt":"2023-02-15T12:08:52","slug":"livros","status":"publish","type":"page","link":"https:\/\/www.premrawat.com\/pt-br\/livros\/","title":{"rendered":"Livros"},"content":{"rendered":"<p>[et_pb_section fb_built=&#8221;1&#8243; custom_padding_last_edited=&#8221;on|phone&#8221; _builder_version=&#8221;4.19.3&#8243; _module_preset=&#8221;default&#8221; background_enable_color=&#8221;off&#8221; use_background_color_gradient=&#8221;on&#8221; background_color_gradient_direction=&#8221;90deg&#8221; background_color_gradient_stops=&#8221;#267b87 0%|#a0ded1 71%|#267b87 100%&#8221; custom_padding=&#8221;|30px||30px|false|true&#8221; custom_padding_tablet=&#8221;|30px||30px|false|true&#8221; custom_padding_phone=&#8221;|15px||15px|false|true&#8221; border_radii=&#8221;off|15px|15px||&#8221; border_radii_tablet=&#8221;off|15px|15px||&#8221; border_radii_phone=&#8221;on|0px|0px|0px|0px&#8221; border_radii_last_edited=&#8221;on|desktop&#8221; global_colors_info=&#8221;{}&#8221;][et_pb_row column_structure=&#8221;1_2,1_2&#8243; make_equal=&#8221;on&#8221; _builder_version=&#8221;4.17.6&#8243; _module_preset=&#8221;default&#8221; global_colors_info=&#8221;{}&#8221;][et_pb_column type=&#8221;1_2&#8243; _builder_version=&#8221;4.17.6&#8243; _module_preset=&#8221;default&#8221; custom_css_main_element=&#8221;display: flex;||flex-direction: column;||justify-content: center;&#8221; global_colors_info=&#8221;{}&#8221;][et_pb_text _builder_version=&#8221;4.19.3&#8243; _module_preset=&#8221;default&#8221; header_font=&#8221;museo-sans|300|||||||&#8221; header_text_color=&#8221;#FFFFFF&#8221; header_font_size=&#8221;48px&#8221; custom_margin=&#8221;||20px||false|false&#8221; global_colors_info=&#8221;{}&#8221;]<\/p>\n<h1>Livros<\/h1>\n<p>[\/et_pb_text][et_pb_text _builder_version=&#8221;4.19.3&#8243; _module_preset=&#8221;default&#8221; text_text_color=&#8221;#FFFFFF&#8221; text_font_size=&#8221;28px&#8221; text_line_height=&#8221;40px&#8221; header_font=&#8221;museo-sans|300|||||||&#8221; header_font_size=&#8221;34px&#8221; global_colors_info=&#8221;{}&#8221;]<\/p>\n<p>Desenvolva uma compreens\u00e3o mais profunda da vida e do potencial humano para paz interior e plenitude.<\/p>\n<p>[\/et_pb_text][\/et_pb_column][et_pb_column type=&#8221;1_2&#8243; _builder_version=&#8221;4.17.6&#8243; _module_preset=&#8221;default&#8221; custom_css_main_element=&#8221;display: flex;||flex-direction: column;||justify-content: center;&#8221; global_colors_info=&#8221;{}&#8221;][et_pb_image src=&#8221;https:\/\/www.premrawat.com\/wp-content\/uploads\/2022\/08\/HY_Books_Banner_Illustration-360&#215;232-1.png&#8221; title_text=&#8221;HY_Books_Banner_Illustration-360&#215;232&#8243; _builder_version=&#8221;4.17.6&#8243; _module_preset=&#8221;default&#8221; max_width=&#8221;360px&#8221; module_alignment=&#8221;center&#8221; global_colors_info=&#8221;{}&#8221;][\/et_pb_image][\/et_pb_column][\/et_pb_row][\/et_pb_section][et_pb_section fb_built=&#8221;1&#8243; _builder_version=&#8221;4.17.6&#8243; _module_preset=&#8221;default&#8221; custom_padding=&#8221;40px|||||&#8221; global_colors_info=&#8221;{}&#8221;][et_pb_row column_structure=&#8221;1_2,1_2&#8243; use_custom_gutter=&#8221;on&#8221; gutter_width=&#8221;2&#8243; custom_padding_last_edited=&#8221;on|desktop&#8221; _builder_version=&#8221;4.19.3&#8243; _module_preset=&#8221;default&#8221; custom_padding=&#8221;||0px|||&#8221; custom_padding_tablet=&#8221;0px||||false|false&#8221; custom_padding_phone=&#8221;0px||||false|false&#8221; global_colors_info=&#8221;{}&#8221;][et_pb_column type=&#8221;1_2&#8243; _builder_version=&#8221;4.17.6&#8243; _module_preset=&#8221;default&#8221; global_colors_info=&#8221;{}&#8221;][et_pb_text _builder_version=&#8221;4.19.3&#8243; _module_preset=&#8221;default&#8221; text_font_size=&#8221;25px&#8221; text_line_height=&#8221;1.5em&#8221; header_font=&#8221;museo-sans|300|||||||&#8221; header_font_size=&#8221;34px&#8221; width_tablet=&#8221;&#8221; width_phone=&#8221;95%&#8221; width_last_edited=&#8221;on|desktop&#8221; module_alignment=&#8221;center&#8221; custom_margin=&#8221;|0px|||false|false&#8221; custom_padding=&#8221;|0px|||false|false&#8221; custom_padding_tablet=&#8221;|0px|||false|false&#8221; custom_padding_phone=&#8221;0px||||false|false&#8221; custom_padding_last_edited=&#8221;on|desktop&#8221; text_font_size_tablet=&#8221;25px&#8221; text_font_size_phone=&#8221;20px&#8221; text_font_size_last_edited=&#8221;on|phone&#8221; global_colors_info=&#8221;{}&#8221;]<\/p>\n<p>Prem Rawat, embaixador da paz e contador de hist\u00f3rias consumado, escreveu dois livros poderosos, Peace is Possible e Ouve a Tua Voz &#8211; Como Encontrar Paz no Ru\u00eddo do Mundo.<\/p>\n<p>[\/et_pb_text][\/et_pb_column][et_pb_column type=&#8221;1_2&#8243; _builder_version=&#8221;4.17.6&#8243; _module_preset=&#8221;default&#8221; global_colors_info=&#8221;{}&#8221;][et_pb_text _builder_version=&#8221;4.19.3&#8243; _module_preset=&#8221;default&#8221; text_font_size=&#8221;25px&#8221; text_line_height=&#8221;1.5em&#8221; width_tablet=&#8221;&#8221; width_phone=&#8221;95%&#8221; width_last_edited=&#8221;on|desktop&#8221; module_alignment=&#8221;center&#8221; text_font_size_tablet=&#8221;25px&#8221; text_font_size_phone=&#8221;20px&#8221; text_font_size_last_edited=&#8221;on|desktop&#8221; global_colors_info=&#8221;{}&#8221;]<\/p>\n<p>Aonde quer que olhemos h\u00e1 um ru\u00eddo que nos mant\u00e9m longe de n\u00f3s mesmos. Prem traz tranquilidade e sossego \u00e0 alma.<\/p>\n<p>Esses livros incentivam os leitores a encontrar paz interior e uma compreens\u00e3o maior de quem s\u00e3o no mundo em que vivemos.<\/p>\n<p>[\/et_pb_text][\/et_pb_column][\/et_pb_row][\/et_pb_section][et_pb_section fb_built=&#8221;1&#8243; _builder_version=&#8221;4.17.6&#8243; _module_preset=&#8221;default&#8221; custom_padding=&#8221;40px|||||&#8221; global_colors_info=&#8221;{}&#8221;][et_pb_row column_structure=&#8221;1_2,1_2&#8243; use_custom_gutter=&#8221;on&#8221; gutter_width=&#8221;2&#8243; custom_padding_last_edited=&#8221;on|desktop&#8221; _builder_version=&#8221;4.19.3&#8243; _module_preset=&#8221;default&#8221; custom_padding=&#8221;||0px|||&#8221; custom_padding_tablet=&#8221;0px||||false|false&#8221; custom_padding_phone=&#8221;0px||||false|false&#8221; global_colors_info=&#8221;{}&#8221;][et_pb_column type=&#8221;1_2&#8243; _builder_version=&#8221;4.17.6&#8243; _module_preset=&#8221;default&#8221; global_colors_info=&#8221;{}&#8221;][et_pb_image src=&#8221;https:\/\/www.premrawat.com\/wp-content\/uploads\/2023\/01\/ouve_a_tua_voz_3d.jpg&#8221; title_text=&#8221;prem-rawat-hear-yourself-book-v3&#8243; align=&#8221;center&#8221; _builder_version=&#8221;4.19.3&#8243; _module_preset=&#8221;default&#8221; max_width=&#8221;300px&#8221; global_colors_info=&#8221;{}&#8221;][\/et_pb_image][et_pb_text _builder_version=&#8221;4.19.3&#8243; _module_preset=&#8221;default&#8221; header_3_font=&#8221;museo-sans|300|||||||&#8221; header_4_font=&#8221;|300|||||||&#8221; header_4_font_size=&#8221;22px&#8221; header_4_line_height=&#8221;32px&#8221; width_tablet=&#8221;&#8221; width_phone=&#8221;95%&#8221; width_last_edited=&#8221;on|desktop&#8221; module_alignment=&#8221;center&#8221; custom_padding=&#8221;9px||||false|false&#8221; custom_padding_tablet=&#8221;9px||||false|false&#8221; custom_padding_phone=&#8221;9px||||false|false&#8221; custom_padding_last_edited=&#8221;on|desktop&#8221; global_colors_info=&#8221;{}&#8221;]<\/p>\n<h3>Hear Yourself<\/h3>\n<h4>\u201cHear Yourself &#8211; How to find peace in a noisy world\u201d is a book full of wisdom and personal stories from Prem. This new book, authored by Prem Rawat, explores the most important fact &#8211; You Are Alive, what you do with that life is up to you.<\/h4>\n<h4>\u201cJust a moment of positive choosing can be the start of a life changing journey through self-knowledge to inner calm, focus, contentment and peace.\u201d<\/h4>\n<p>Hear Yourself is now available in Spanish, Italian, French and Portuguese.<\/p>\n<p>[\/et_pb_text][et_pb_button button_url=&#8221;https:\/\/www.premrawat.com\/pt-br\/ouve-a-tua-voz\/&#8221; button_text=&#8221;Learn More&#8221; _builder_version=&#8221;4.19.3&#8243; _module_preset=&#8221;default&#8221; button_text_size=&#8221;20px&#8221; button_text_color=&#8221;#FFFFFF&#8221; button_bg_color=&#8221;#fb9d04&#8243; custom_margin=&#8221;40px||||false|false&#8221; custom_padding=&#8221;||||false|false&#8221; global_colors_info=&#8221;{}&#8221;][\/et_pb_button][et_pb_button button_url=&#8221;https:\/\/hearyourselfbook.com\/&#8221; button_text=&#8221;Encomende o livro&#8221; _builder_version=&#8221;4.19.3&#8243; _module_preset=&#8221;default&#8221; button_text_size=&#8221;20px&#8221; button_text_color=&#8221;#FFFFFF&#8221; button_bg_color=&#8221;#fb9d04&#8243; custom_margin=&#8221;40px||||false|false&#8221; custom_padding=&#8221;||||false|false&#8221; global_colors_info=&#8221;{}&#8221;][\/et_pb_button][\/et_pb_column][et_pb_column type=&#8221;1_2&#8243; _builder_version=&#8221;4.17.6&#8243; _module_preset=&#8221;default&#8221; global_colors_info=&#8221;{}&#8221;][et_pb_image src=&#8221;https:\/\/www.premrawat.com\/wp-content\/uploads\/2023\/01\/Cuando-el-desierto-florece.jpg&#8221; title_text=&#8221;Peace-Is-Possible-Prem-Rawat-Book&#8221; align=&#8221;center&#8221; _builder_version=&#8221;4.19.3&#8243; _module_preset=&#8221;default&#8221; max_width=&#8221;300px&#8221; global_colors_info=&#8221;{}&#8221;][\/et_pb_image][et_pb_text _builder_version=&#8221;4.19.3&#8243; _module_preset=&#8221;default&#8221; header_3_font=&#8221;museo-sans|300|||||||&#8221; header_4_font=&#8221;|300|||||||&#8221; header_4_font_size=&#8221;22px&#8221; header_4_line_height=&#8221;1.5em&#8221; width=&#8221;100%&#8221; width_tablet=&#8221;100%&#8221; width_phone=&#8221;95%&#8221; width_last_edited=&#8221;on|desktop&#8221; module_alignment=&#8221;center&#8221; custom_padding=&#8221;0px||||false|false&#8221; header_3_font_size_phone=&#8221;30px&#8221; header_4_font_size_tablet=&#8221;22px&#8221; header_4_font_size_phone=&#8221;22px&#8221; header_4_font_size_last_edited=&#8221;on|phone&#8221; global_colors_info=&#8221;{}&#8221;]<\/p>\n<h3>Peace Is Possible<\/h3>\n<h4>\u201cPeace Is Possible\u201d \u00e9 um livro curto e alegre de par\u00e1bolas e hist\u00f3rias, destinadas a lev\u00e1-lo a si mesmo. Vividamente ilustrado com desenhos encantadores, Peace is Possible \u00e9 uma leitura para toda a fam\u00edlia.<br \/>\n\u201cEn lo m\u00e1s profundo de las monta\u00f1as, viv\u00eda un jardinero&#8230;\u201d que sab\u00eda de la paz interior y la tranquilidad. Su cari\u00f1osa bondad trajo la comprensi\u00f3n al balde agujereado que solo ve\u00eda sus defectos.<\/p>\n<p>\u201cCuando el desierto florece\u201d supone la presentaci\u00f3n de Prem Rawat, como jardinero de la consciencia de uno mismo. Este libro que se disfruta de la primera a la \u00faltima p\u00e1gina, invita a sus lectores a que vayan adentro y cuiden el terreno de su coraz\u00f3n.<\/p>\n<p>Para leer m\u00e1s, hacer clic sobre este enlace y para comprarlo, a trav\u00e9s de Amazon, sobre este.[\/et_pb_text][et_pb_text _builder_version=&#8221;4.19.3&#8243; _module_preset=&#8221;default&#8221; text_font_size=&#8221;20px&#8221; text_line_height=&#8221;1.4em&#8221; width_tablet=&#8221;&#8221; width_phone=&#8221;95%&#8221; width_last_edited=&#8221;on|desktop&#8221; module_alignment=&#8221;center&#8221; hover_enabled=&#8221;0&#8243; text_font_size_tablet=&#8221;20px&#8221; text_font_size_phone=&#8221;18px&#8221; text_font_size_last_edited=&#8221;on|desktop&#8221; global_colors_info=&#8221;{}&#8221; sticky_enabled=&#8221;0&#8243;]<\/p>\n<p>\u201cDeep in the mountains lived a gardener&#8230;\u201d who knew inner peace and tranquility. His loving kindness brought understanding to the cracked pot who saw only his own flaws. In Peace is Possible, you will be introduced to the gardener of self-awareness, Prem Rawat.<\/p>\n<p>This thoroughly enjoyable little book invites readers to delve inside and tend the soil of their hearts.<\/p>\n<p>Read more about the book <a href=\"https:\/\/www.premrawat.com\/hear-yourself-book\/\"><span style=\"text-decoration: underline;\">here<\/span> <\/a>or buy the book from Amazon <span style=\"text-decoration: underline;\"><a href=\"https:\/\/www.amazon.com\/Peace-Possible-happiness-relationships-understanding-ebook\/dp\/B07GTC6WZH\/ref=sr_1_1?crid=21BMHHM3OJDFY&amp;dchild=1&amp;keywords=peace+is+possible+by+prem+rawat&amp;qid=1589209005&amp;s=books&amp;sprefix=peace+is+poss%2Cstripbooks-intl-ship%2C266&amp;sr=1-1\">here<\/a><\/span>.<\/p>\n<p>A reviewer named MJ Hunt had this to say about Peace is Possible, <em>\u201cThis is an exceptional book. I&#8217;ve just finished reading the Kindle edition. Many of the passages made me smile and touched my heart. Also, the layout and presentation are refreshing. Additionally, the whimsical drawings of Aya Shiroi are appropriate and delightful. Thank you, Prem Rawat. And thank you, Penguin Books. Even your logo seems right at home. I celebrate this book and its timeless message.What a wonderful gift!\u201d<\/em><\/p>\n<p>[\/et_pb_text][\/et_pb_column][\/et_pb_row][\/et_pb_section]<\/p>\n","protected":false},"excerpt":{"rendered":"<p>LivrosDesenvolva uma compreens\u00e3o mais profunda da vida e do potencial humano para paz interior e plenitude.Prem Rawat, embaixador da paz e contador de hist\u00f3rias consumado, escreveu dois livros poderosos, Peace is Possible e Ouve a Tua Voz &#8211; Como Encontrar Paz no Ru\u00eddo do Mundo.Aonde quer que olhemos h\u00e1 um ru\u00eddo que nos mant\u00e9m longe [&hellip;]<\/p>\n","protected":false},"author":3,"featured_media":0,"parent":0,"menu_order":0,"comment_status":"closed","ping_status":"closed","template":"","meta":{"_acf_changed":false,"_et_pb_use_builder":"on","_et_pb_old_content":"","_et_gb_content_width":"","footnotes":""},"class_list":["post-22501","page","type-page","status-publish","hentry"],"acf":[],"yoast_head":"<!-- This site is optimized with the Yoast SEO plugin v27.3 - https:\/\/yoast.com\/product\/yoast-seo-wordpress\/ -->\n<title>Livros - Prem Rawat<\/title>\n<meta name=\"robots\" content=\"index, follow, max-snippet:-1, max-image-preview:large, max-video-preview:-1\" \/>\n<link rel=\"canonical\" href=\"https:\/\/www.premrawat.com\/pt-br\/livros\/\" \/>\n<meta property=\"og:locale\" content=\"pt_BR\" \/>\n<meta property=\"og:type\" content=\"article\" \/>\n<meta property=\"og:title\" content=\"Livros - Prem Rawat\" \/>\n<meta property=\"og:description\" content=\"LivrosDesenvolva uma compreens\u00e3o mais profunda da vida e do potencial humano para paz interior e plenitude.Prem Rawat, embaixador da paz e contador de hist\u00f3rias consumado, escreveu dois livros poderosos, Peace is Possible e Ouve a Tua Voz - Como Encontrar Paz no Ru\u00eddo do Mundo.Aonde quer que olhemos h\u00e1 um ru\u00eddo que nos mant\u00e9m longe [&hellip;]\" \/>\n<meta property=\"og:url\" content=\"https:\/\/www.premrawat.com\/pt-br\/livros\/\" \/>\n<meta property=\"og:site_name\" content=\"Prem Rawat\" \/>\n<meta property=\"article:modified_time\" content=\"2023-02-15T12:08:52+00:00\" \/>\n<meta property=\"og:image\" content=\"https:\/\/www.premrawat.com\/wp-content\/uploads\/2023\/11\/prem-rawat-log-fb-preview.jpg\" \/>\n\t<meta property=\"og:image:width\" content=\"1200\" \/>\n\t<meta property=\"og:image:height\" content=\"627\" \/>\n\t<meta property=\"og:image:type\" content=\"image\/jpeg\" \/>\n<meta name=\"twitter:card\" content=\"summary_large_image\" \/>\n<meta name=\"twitter:label1\" content=\"Est. tempo de leitura\" \/>\n\t<meta name=\"twitter:data1\" content=\"5 minutes\" \/>\n<script type=\"application\/ld+json\" class=\"yoast-schema-graph\">{\"@context\":\"https:\\\/\\\/schema.org\",\"@graph\":[{\"@type\":\"WebPage\",\"@id\":\"https:\\\/\\\/www.premrawat.com\\\/pt-br\\\/livros\\\/\",\"url\":\"https:\\\/\\\/www.premrawat.com\\\/pt-br\\\/livros\\\/\",\"name\":\"Livros - Prem Rawat\",\"isPartOf\":{\"@id\":\"https:\\\/\\\/www.premrawat.com\\\/pt-br\\\/#website\"},\"datePublished\":\"2022-08-24T16:40:10+00:00\",\"dateModified\":\"2023-02-15T12:08:52+00:00\",\"breadcrumb\":{\"@id\":\"https:\\\/\\\/www.premrawat.com\\\/pt-br\\\/livros\\\/#breadcrumb\"},\"inLanguage\":\"pt-BR\",\"potentialAction\":[{\"@type\":\"ReadAction\",\"target\":[\"https:\\\/\\\/www.premrawat.com\\\/pt-br\\\/livros\\\/\"]}]},{\"@type\":\"BreadcrumbList\",\"@id\":\"https:\\\/\\\/www.premrawat.com\\\/pt-br\\\/livros\\\/#breadcrumb\",\"itemListElement\":[{\"@type\":\"ListItem\",\"position\":1,\"name\":\"Home\",\"item\":\"https:\\\/\\\/www.premrawat.com\\\/pt-br\\\/\"},{\"@type\":\"ListItem\",\"position\":2,\"name\":\"Livros\"}]},{\"@type\":\"WebSite\",\"@id\":\"https:\\\/\\\/www.premrawat.com\\\/pt-br\\\/#website\",\"url\":\"https:\\\/\\\/www.premrawat.com\\\/pt-br\\\/\",\"name\":\"Prem Rawat\",\"description\":\"Peace Educator and Best Selling Author\",\"publisher\":{\"@id\":\"https:\\\/\\\/www.premrawat.com\\\/pt-br\\\/#\\\/schema\\\/person\\\/0f1af9977682af0b187541031c5c43fa\"},\"potentialAction\":[{\"@type\":\"SearchAction\",\"target\":{\"@type\":\"EntryPoint\",\"urlTemplate\":\"https:\\\/\\\/www.premrawat.com\\\/pt-br\\\/?s={search_term_string}\"},\"query-input\":{\"@type\":\"PropertyValueSpecification\",\"valueRequired\":true,\"valueName\":\"search_term_string\"}}],\"inLanguage\":\"pt-BR\"},{\"@type\":[\"Person\",\"Organization\"],\"@id\":\"https:\\\/\\\/www.premrawat.com\\\/pt-br\\\/#\\\/schema\\\/person\\\/0f1af9977682af0b187541031c5c43fa\",\"name\":\"Premrawat.com\",\"image\":{\"@type\":\"ImageObject\",\"inLanguage\":\"pt-BR\",\"@id\":\"https:\\\/\\\/www.premrawat.com\\\/wp-content\\\/uploads\\\/2024\\\/01\\\/prem-rawat-color-logo1.jpg\",\"url\":\"https:\\\/\\\/www.premrawat.com\\\/wp-content\\\/uploads\\\/2024\\\/01\\\/prem-rawat-color-logo1.jpg\",\"contentUrl\":\"https:\\\/\\\/www.premrawat.com\\\/wp-content\\\/uploads\\\/2024\\\/01\\\/prem-rawat-color-logo1.jpg\",\"width\":201,\"height\":202,\"caption\":\"Premrawat.com\"},\"logo\":{\"@id\":\"https:\\\/\\\/www.premrawat.com\\\/wp-content\\\/uploads\\\/2024\\\/01\\\/prem-rawat-color-logo1.jpg\"}}]}<\/script>\n<!-- \/ Yoast SEO plugin. -->","yoast_head_json":{"title":"Livros - Prem Rawat","robots":{"index":"index","follow":"follow","max-snippet":"max-snippet:-1","max-image-preview":"max-image-preview:large","max-video-preview":"max-video-preview:-1"},"canonical":"https:\/\/www.premrawat.com\/pt-br\/livros\/","og_locale":"pt_BR","og_type":"article","og_title":"Livros - Prem Rawat","og_description":"LivrosDesenvolva uma compreens\u00e3o mais profunda da vida e do potencial humano para paz interior e plenitude.Prem Rawat, embaixador da paz e contador de hist\u00f3rias consumado, escreveu dois livros poderosos, Peace is Possible e Ouve a Tua Voz - Como Encontrar Paz no Ru\u00eddo do Mundo.Aonde quer que olhemos h\u00e1 um ru\u00eddo que nos mant\u00e9m longe [&hellip;]","og_url":"https:\/\/www.premrawat.com\/pt-br\/livros\/","og_site_name":"Prem Rawat","article_modified_time":"2023-02-15T12:08:52+00:00","og_image":[{"width":1200,"height":627,"url":"https:\/\/www.premrawat.com\/wp-content\/uploads\/2023\/11\/prem-rawat-log-fb-preview.jpg","type":"image\/jpeg"}],"twitter_card":"summary_large_image","twitter_misc":{"Est. tempo de leitura":"5 minutes"},"schema":{"@context":"https:\/\/schema.org","@graph":[{"@type":"WebPage","@id":"https:\/\/www.premrawat.com\/pt-br\/livros\/","url":"https:\/\/www.premrawat.com\/pt-br\/livros\/","name":"Livros - Prem Rawat","isPartOf":{"@id":"https:\/\/www.premrawat.com\/pt-br\/#website"},"datePublished":"2022-08-24T16:40:10+00:00","dateModified":"2023-02-15T12:08:52+00:00","breadcrumb":{"@id":"https:\/\/www.premrawat.com\/pt-br\/livros\/#breadcrumb"},"inLanguage":"pt-BR","potentialAction":[{"@type":"ReadAction","target":["https:\/\/www.premrawat.com\/pt-br\/livros\/"]}]},{"@type":"BreadcrumbList","@id":"https:\/\/www.premrawat.com\/pt-br\/livros\/#breadcrumb","itemListElement":[{"@type":"ListItem","position":1,"name":"Home","item":"https:\/\/www.premrawat.com\/pt-br\/"},{"@type":"ListItem","position":2,"name":"Livros"}]},{"@type":"WebSite","@id":"https:\/\/www.premrawat.com\/pt-br\/#website","url":"https:\/\/www.premrawat.com\/pt-br\/","name":"Prem Rawat","description":"Peace Educator and Best Selling Author","publisher":{"@id":"https:\/\/www.premrawat.com\/pt-br\/#\/schema\/person\/0f1af9977682af0b187541031c5c43fa"},"potentialAction":[{"@type":"SearchAction","target":{"@type":"EntryPoint","urlTemplate":"https:\/\/www.premrawat.com\/pt-br\/?s={search_term_string}"},"query-input":{"@type":"PropertyValueSpecification","valueRequired":true,"valueName":"search_term_string"}}],"inLanguage":"pt-BR"},{"@type":["Person","Organization"],"@id":"https:\/\/www.premrawat.com\/pt-br\/#\/schema\/person\/0f1af9977682af0b187541031c5c43fa","name":"Premrawat.com","image":{"@type":"ImageObject","inLanguage":"pt-BR","@id":"https:\/\/www.premrawat.com\/wp-content\/uploads\/2024\/01\/prem-rawat-color-logo1.jpg","url":"https:\/\/www.premrawat.com\/wp-content\/uploads\/2024\/01\/prem-rawat-color-logo1.jpg","contentUrl":"https:\/\/www.premrawat.com\/wp-content\/uploads\/2024\/01\/prem-rawat-color-logo1.jpg","width":201,"height":202,"caption":"Premrawat.com"},"logo":{"@id":"https:\/\/www.premrawat.com\/wp-content\/uploads\/2024\/01\/prem-rawat-color-logo1.jpg"}}]}},"_links":{"self":[{"href":"https:\/\/www.premrawat.com\/pt-br\/wp-json\/wp\/v2\/pages\/22501","targetHints":{"allow":["GET"]}}],"collection":[{"href":"https:\/\/www.premrawat.com\/pt-br\/wp-json\/wp\/v2\/pages"}],"about":[{"href":"https:\/\/www.premrawat.com\/pt-br\/wp-json\/wp\/v2\/types\/page"}],"author":[{"embeddable":true,"href":"https:\/\/www.premrawat.com\/pt-br\/wp-json\/wp\/v2\/users\/3"}],"replies":[{"embeddable":true,"href":"https:\/\/www.premrawat.com\/pt-br\/wp-json\/wp\/v2\/comments?post=22501"}],"version-history":[{"count":61,"href":"https:\/\/www.premrawat.com\/pt-br\/wp-json\/wp\/v2\/pages\/22501\/revisions"}],"predecessor-version":[{"id":31810,"href":"https:\/\/www.premrawat.com\/pt-br\/wp-json\/wp\/v2\/pages\/22501\/revisions\/31810"}],"wp:attachment":[{"href":"https:\/\/www.premrawat.com\/pt-br\/wp-json\/wp\/v2\/media?parent=22501"}],"curies":[{"name":"wp","href":"https:\/\/api.w.org\/{rel}","templated":true}]}}