{"id":31291,"date":"2022-08-06T22:31:08","date_gmt":"2022-08-07T02:31:08","guid":{"rendered":"https:\/\/prdev.timelesstoday.io\/globe-interactif\/"},"modified":"2023-02-09T05:54:34","modified_gmt":"2023-02-09T10:54:34","slug":"globe-interactif","status":"publish","type":"page","link":"https:\/\/www.premrawat.com\/fr\/globe-interactif\/","title":{"rendered":"Globe interactif"},"content":{"rendered":"<p>[et_pb_section fb_built=\u00a0\u00bb1&Prime; _builder_version=\u00a0\u00bb4.19.3&Prime; _module_preset=\u00a0\u00bbdefault\u00a0\u00bb custom_padding=\u00a0\u00bb40px||9px|||\u00a0\u00bb global_colors_info=\u00a0\u00bb{}\u00a0\u00bb][et_pb_row column_structure=\u00a0\u00bb1_2,1_2&Prime; _builder_version=\u00a0\u00bb4.19.3&Prime; _module_preset=\u00a0\u00bbdefault\u00a0\u00bb global_colors_info=\u00a0\u00bb{}\u00a0\u00bb][et_pb_column type=\u00a0\u00bb1_2&Prime; _builder_version=\u00a0\u00bb4.19.3&Prime; _module_preset=\u00a0\u00bbdefault\u00a0\u00bb global_colors_info=\u00a0\u00bb{}\u00a0\u00bb][et_pb_text _builder_version=\u00a0\u00bb4.19.3&Prime; _module_preset=\u00a0\u00bbdefault\u00a0\u00bb text_font_size=\u00a0\u00bb20px\u00a0\u00bb text_line_height=\u00a0\u00bb1.3em\u00a0\u00bb hover_enabled=\u00a0\u00bb0&Prime; global_colors_info=\u00a0\u00bb{}\u00a0\u00bb sticky_enabled=\u00a0\u00bb0&Prime;]<\/p>\n<p>Ce calendrier est constitu\u00e9 de\/pr\u00e9sente quelques conf\u00e9rences en direct, des contenus num\u00e9riques, livres et interviews, des \u0153uvres artistiques et musicales et bien davantage, dont le seul objectif est d\u2019encourager toute personne int\u00e9ress\u00e9e par son message \u00e0 faire un pas en avant.<\/p>\n<p>Nous vivons \u00e0 une \u00e9poque unique o\u00f9 notre perception de la condition humaine est amplifi\u00e9e, t\u00e9moins que nous sommes des bonnes ou mauvaises choses et de l\u2019horreur qui ont lieu chaque jour.<\/p>\n<p>Aujourd\u2019hui, notre mobilit\u00e9 virtuelle et nos options de d\u00e9placements internationaux nous permettent de voyager dans le monde entier en oubliant qu\u2019il existe un endroit en nous qui est v\u00e9ritablement notre chez-soi\/chez-nous. Chaque \u00eatre humain poss\u00e8de ce fil de vie qui, quand on le suit consciemment, remet tout dans la bonne perspective.<\/p>\n<p>[\/et_pb_text][\/et_pb_column][et_pb_column type=\u00a0\u00bb1_2&Prime; _builder_version=\u00a0\u00bb4.19.3&Prime; _module_preset=\u00a0\u00bbdefault\u00a0\u00bb global_colors_info=\u00a0\u00bb{}\u00a0\u00bb][et_pb_text _builder_version=\u00a0\u00bb4.19.3&Prime; _module_preset=\u00a0\u00bbdefault\u00a0\u00bb text_font_size=\u00a0\u00bb20px\u00a0\u00bb text_line_height=\u00a0\u00bb1.3em\u00a0\u00bb hover_enabled=\u00a0\u00bb0&Prime; global_colors_info=\u00a0\u00bb{}\u00a0\u00bb sticky_enabled=\u00a0\u00bb0&Prime;]\u00c0 neuf ans, peu d\u2019entre nous savent quelle est notre mission dans la vie. La plupart d\u2019entre nous ne le d\u00e9couvrent jamais. \u00c9Etonnamment, depuis l\u2019\u00e2ge de neuf ans, peu apr\u00e8s le d\u00e9c\u00e8s de son p\u00e8re, et jusqu\u2019\u00e0 aujourd\u2019hui, Prem Rawat s\u2019est ax\u00e9 concentr\u00e9 sur un engagement simple et extr\u00eamement concret. Il a voyag\u00e9 autour du monde \u00e0 de nombreuses reprises pour partager son exp\u00e9rience de paix int\u00e9rieure avec celles et ceux qui s\u2019y int\u00e9ressaient\/int\u00e9ressent. Prem nous rappelle que la paix n\u2019est pas une th\u00e9orie, une situation politique ou une aspiration de fin de vie\/un v\u0153u pour la vie apr\u00e8s la mort. C\u2019est une exp\u00e9rience qui s\u2019offre \u00e0 toute personne sinc\u00e8rement int\u00e9ress\u00e9e.[\/et_pb_text][\/et_pb_column][\/et_pb_row][\/et_pb_section][et_pb_section fb_built=\u00a0\u00bb1&Prime; _builder_version=\u00a0\u00bb4.19.3&Prime; _module_preset=\u00a0\u00bbdefault\u00a0\u00bb custom_padding=\u00a0\u00bb12px|||||\u00a0\u00bb global_colors_info=\u00a0\u00bb{}\u00a0\u00bb][et_pb_row _builder_version=\u00a0\u00bb4.19.3&Prime; _module_preset=\u00a0\u00bbdefault\u00a0\u00bb global_colors_info=\u00a0\u00bb{}\u00a0\u00bb][et_pb_column type=\u00a0\u00bb4_4&Prime; _builder_version=\u00a0\u00bb4.19.3&Prime; _module_preset=\u00a0\u00bbdefault\u00a0\u00bb global_colors_info=\u00a0\u00bb{}\u00a0\u00bb][et_pb_text _builder_version=\u00a0\u00bb4.19.3&Prime; _module_preset=\u00a0\u00bbdefault\u00a0\u00bb header_text_align=\u00a0\u00bbcenter\u00a0\u00bb global_colors_info=\u00a0\u00bb{}\u00a0\u00bb]<\/p>\n<h2 style=\"text-align: center;\">Informations sur les conf\u00e9rences donn\u00e9es par Prem Rawat<\/h2>\n<p>[\/et_pb_text][dgbc_blog_carousel posts_number=\u00a0\u00bb3&Prime; type=\u00a0\u00bb3&Prime; include_categories=\u00a0\u00bb3698&Prime; show_author=\u00a0\u00bboff\u00a0\u00bb show_date=\u00a0\u00bboff\u00a0\u00bb show_more=\u00a0\u00bbon\u00a0\u00bb show_items_xlarge=\u00a0\u00bb3&Prime; show_items_tablet=\u00a0\u00bb1&Prime; multislide=\u00a0\u00bbon\u00a0\u00bb item_spacing=\u00a0\u00bb21&Prime; arrow_nav=\u00a0\u00bbon\u00a0\u00bb equal_height=\u00a0\u00bbon\u00a0\u00bb image_size=\u00a0\u00bbmid\u00a0\u00bb use_prev_icon=\u00a0\u00bbon\u00a0\u00bb arrow_prev_icon=\u00a0\u00bb&#x34;||divi||400&Prime; use_next_icon=\u00a0\u00bbon\u00a0\u00bb arrow_next_icon=\u00a0\u00bb&#x35;||divi||400&Prime; arrow_color=\u00a0\u00bb#000000&Prime; arrow_background_color=\u00a0\u00bbRGBA(255,255,255,0)\u00a0\u00bb arrow_position=\u00a0\u00bb4&Prime; dots_size=\u00a0\u00bb12px\u00a0\u00bb inner_container_padding=\u00a0\u00bb0px||||false|false\u00a0\u00bb content_margin=\u00a0\u00bb10px||||false|false\u00a0\u00bb _builder_version=\u00a0\u00bb4.19.3&Prime; _module_preset=\u00a0\u00bbdefault\u00a0\u00bb header_font=\u00a0\u00bbOpen Sans|600|||||||\u00a0\u00bb header_line_height=\u00a0\u00bb1.3em\u00a0\u00bb content_font_size=\u00a0\u00bb18px\u00a0\u00bb read_more_text_color=\u00a0\u00bb#FB9D04&Prime; read_more_font_size=\u00a0\u00bb15px\u00a0\u00bb module_alignment=\u00a0\u00bbleft\u00a0\u00bb custom_margin=\u00a0\u00bb0px||||false|false\u00a0\u00bb custom_padding=\u00a0\u00bb0px||||false|false\u00a0\u00bb border_radii_image=\u00a0\u00bbon|15px|15px|15px|15px\u00a0\u00bb global_colors_info=\u00a0\u00bb{}\u00a0\u00bb][\/dgbc_blog_carousel][\/et_pb_column][\/et_pb_row][\/et_pb_section]<\/p>\n","protected":false},"excerpt":{"rendered":"<p>Ce calendrier est constitu\u00e9 de\/pr\u00e9sente quelques conf\u00e9rences en direct, des contenus num\u00e9riques, livres et interviews, des \u0153uvres artistiques et musicales et bien davantage, dont le seul objectif est d\u2019encourager toute personne int\u00e9ress\u00e9e par son message \u00e0 faire un pas en avant. Nous vivons \u00e0 une \u00e9poque unique o\u00f9 notre perception de la condition humaine est [&hellip;]<\/p>\n","protected":false},"author":3,"featured_media":0,"parent":0,"menu_order":0,"comment_status":"closed","ping_status":"closed","template":"page-template-interactive-globe.php","meta":{"_acf_changed":false,"_et_pb_use_builder":"on","_et_pb_old_content":"","_et_gb_content_width":"","footnotes":""},"class_list":["post-31291","page","type-page","status-publish","hentry"],"acf":[],"yoast_head":"<!-- This site is optimized with the Yoast SEO plugin v27.3 - https:\/\/yoast.com\/product\/yoast-seo-wordpress\/ -->\n<title>Globe interactif - Prem Rawat<\/title>\n<meta name=\"robots\" content=\"index, follow, max-snippet:-1, max-image-preview:large, max-video-preview:-1\" \/>\n<link rel=\"canonical\" href=\"https:\/\/www.premrawat.com\/fr\/globe-interactif\/\" \/>\n<meta property=\"og:locale\" content=\"fr_FR\" \/>\n<meta property=\"og:type\" content=\"article\" \/>\n<meta property=\"og:title\" content=\"Globe interactif - Prem Rawat\" \/>\n<meta property=\"og:description\" content=\"Ce calendrier est constitu\u00e9 de\/pr\u00e9sente quelques conf\u00e9rences en direct, des contenus num\u00e9riques, livres et interviews, des \u0153uvres artistiques et musicales et bien davantage, dont le seul objectif est d\u2019encourager toute personne int\u00e9ress\u00e9e par son message \u00e0 faire un pas en avant. Nous vivons \u00e0 une \u00e9poque unique o\u00f9 notre perception de la condition humaine est [&hellip;]\" \/>\n<meta property=\"og:url\" content=\"https:\/\/www.premrawat.com\/fr\/globe-interactif\/\" \/>\n<meta property=\"og:site_name\" content=\"Prem Rawat\" \/>\n<meta property=\"article:modified_time\" content=\"2023-02-09T10:54:34+00:00\" \/>\n<meta property=\"og:image\" content=\"https:\/\/www.premrawat.com\/wp-content\/uploads\/2023\/11\/prem-rawat-log-fb-preview.jpg\" \/>\n\t<meta property=\"og:image:width\" content=\"1200\" \/>\n\t<meta property=\"og:image:height\" content=\"627\" \/>\n\t<meta property=\"og:image:type\" content=\"image\/jpeg\" \/>\n<meta name=\"twitter:card\" content=\"summary_large_image\" \/>\n<meta name=\"twitter:label1\" content=\"Dur\u00e9e de lecture estim\u00e9e\" \/>\n\t<meta name=\"twitter:data1\" content=\"3 minutes\" \/>\n<script type=\"application\/ld+json\" class=\"yoast-schema-graph\">{\"@context\":\"https:\\\/\\\/schema.org\",\"@graph\":[{\"@type\":\"WebPage\",\"@id\":\"https:\\\/\\\/www.premrawat.com\\\/fr\\\/globe-interactif\\\/\",\"url\":\"https:\\\/\\\/www.premrawat.com\\\/fr\\\/globe-interactif\\\/\",\"name\":\"Globe interactif - Prem Rawat\",\"isPartOf\":{\"@id\":\"https:\\\/\\\/www.premrawat.com\\\/fr\\\/#website\"},\"datePublished\":\"2022-08-07T02:31:08+00:00\",\"dateModified\":\"2023-02-09T10:54:34+00:00\",\"breadcrumb\":{\"@id\":\"https:\\\/\\\/www.premrawat.com\\\/fr\\\/globe-interactif\\\/#breadcrumb\"},\"inLanguage\":\"fr-FR\",\"potentialAction\":[{\"@type\":\"ReadAction\",\"target\":[\"https:\\\/\\\/www.premrawat.com\\\/fr\\\/globe-interactif\\\/\"]}]},{\"@type\":\"BreadcrumbList\",\"@id\":\"https:\\\/\\\/www.premrawat.com\\\/fr\\\/globe-interactif\\\/#breadcrumb\",\"itemListElement\":[{\"@type\":\"ListItem\",\"position\":1,\"name\":\"Home\",\"item\":\"https:\\\/\\\/www.premrawat.com\\\/fr\\\/\"},{\"@type\":\"ListItem\",\"position\":2,\"name\":\"Globe interactif\"}]},{\"@type\":\"WebSite\",\"@id\":\"https:\\\/\\\/www.premrawat.com\\\/fr\\\/#website\",\"url\":\"https:\\\/\\\/www.premrawat.com\\\/fr\\\/\",\"name\":\"Prem Rawat\",\"description\":\"Peace Educator and Best Selling Author\",\"publisher\":{\"@id\":\"https:\\\/\\\/www.premrawat.com\\\/fr\\\/#\\\/schema\\\/person\\\/0f1af9977682af0b187541031c5c43fa\"},\"potentialAction\":[{\"@type\":\"SearchAction\",\"target\":{\"@type\":\"EntryPoint\",\"urlTemplate\":\"https:\\\/\\\/www.premrawat.com\\\/fr\\\/?s={search_term_string}\"},\"query-input\":{\"@type\":\"PropertyValueSpecification\",\"valueRequired\":true,\"valueName\":\"search_term_string\"}}],\"inLanguage\":\"fr-FR\"},{\"@type\":[\"Person\",\"Organization\"],\"@id\":\"https:\\\/\\\/www.premrawat.com\\\/fr\\\/#\\\/schema\\\/person\\\/0f1af9977682af0b187541031c5c43fa\",\"name\":\"Premrawat.com\",\"image\":{\"@type\":\"ImageObject\",\"inLanguage\":\"fr-FR\",\"@id\":\"https:\\\/\\\/www.premrawat.com\\\/wp-content\\\/uploads\\\/2024\\\/01\\\/prem-rawat-color-logo1.jpg\",\"url\":\"https:\\\/\\\/www.premrawat.com\\\/wp-content\\\/uploads\\\/2024\\\/01\\\/prem-rawat-color-logo1.jpg\",\"contentUrl\":\"https:\\\/\\\/www.premrawat.com\\\/wp-content\\\/uploads\\\/2024\\\/01\\\/prem-rawat-color-logo1.jpg\",\"width\":201,\"height\":202,\"caption\":\"Premrawat.com\"},\"logo\":{\"@id\":\"https:\\\/\\\/www.premrawat.com\\\/wp-content\\\/uploads\\\/2024\\\/01\\\/prem-rawat-color-logo1.jpg\"}}]}<\/script>\n<!-- \/ Yoast SEO plugin. -->","yoast_head_json":{"title":"Globe interactif - Prem Rawat","robots":{"index":"index","follow":"follow","max-snippet":"max-snippet:-1","max-image-preview":"max-image-preview:large","max-video-preview":"max-video-preview:-1"},"canonical":"https:\/\/www.premrawat.com\/fr\/globe-interactif\/","og_locale":"fr_FR","og_type":"article","og_title":"Globe interactif - Prem Rawat","og_description":"Ce calendrier est constitu\u00e9 de\/pr\u00e9sente quelques conf\u00e9rences en direct, des contenus num\u00e9riques, livres et interviews, des \u0153uvres artistiques et musicales et bien davantage, dont le seul objectif est d\u2019encourager toute personne int\u00e9ress\u00e9e par son message \u00e0 faire un pas en avant. Nous vivons \u00e0 une \u00e9poque unique o\u00f9 notre perception de la condition humaine est [&hellip;]","og_url":"https:\/\/www.premrawat.com\/fr\/globe-interactif\/","og_site_name":"Prem Rawat","article_modified_time":"2023-02-09T10:54:34+00:00","og_image":[{"width":1200,"height":627,"url":"https:\/\/www.premrawat.com\/wp-content\/uploads\/2023\/11\/prem-rawat-log-fb-preview.jpg","type":"image\/jpeg"}],"twitter_card":"summary_large_image","twitter_misc":{"Dur\u00e9e de lecture estim\u00e9e":"3 minutes"},"schema":{"@context":"https:\/\/schema.org","@graph":[{"@type":"WebPage","@id":"https:\/\/www.premrawat.com\/fr\/globe-interactif\/","url":"https:\/\/www.premrawat.com\/fr\/globe-interactif\/","name":"Globe interactif - Prem Rawat","isPartOf":{"@id":"https:\/\/www.premrawat.com\/fr\/#website"},"datePublished":"2022-08-07T02:31:08+00:00","dateModified":"2023-02-09T10:54:34+00:00","breadcrumb":{"@id":"https:\/\/www.premrawat.com\/fr\/globe-interactif\/#breadcrumb"},"inLanguage":"fr-FR","potentialAction":[{"@type":"ReadAction","target":["https:\/\/www.premrawat.com\/fr\/globe-interactif\/"]}]},{"@type":"BreadcrumbList","@id":"https:\/\/www.premrawat.com\/fr\/globe-interactif\/#breadcrumb","itemListElement":[{"@type":"ListItem","position":1,"name":"Home","item":"https:\/\/www.premrawat.com\/fr\/"},{"@type":"ListItem","position":2,"name":"Globe interactif"}]},{"@type":"WebSite","@id":"https:\/\/www.premrawat.com\/fr\/#website","url":"https:\/\/www.premrawat.com\/fr\/","name":"Prem Rawat","description":"Peace Educator and Best Selling Author","publisher":{"@id":"https:\/\/www.premrawat.com\/fr\/#\/schema\/person\/0f1af9977682af0b187541031c5c43fa"},"potentialAction":[{"@type":"SearchAction","target":{"@type":"EntryPoint","urlTemplate":"https:\/\/www.premrawat.com\/fr\/?s={search_term_string}"},"query-input":{"@type":"PropertyValueSpecification","valueRequired":true,"valueName":"search_term_string"}}],"inLanguage":"fr-FR"},{"@type":["Person","Organization"],"@id":"https:\/\/www.premrawat.com\/fr\/#\/schema\/person\/0f1af9977682af0b187541031c5c43fa","name":"Premrawat.com","image":{"@type":"ImageObject","inLanguage":"fr-FR","@id":"https:\/\/www.premrawat.com\/wp-content\/uploads\/2024\/01\/prem-rawat-color-logo1.jpg","url":"https:\/\/www.premrawat.com\/wp-content\/uploads\/2024\/01\/prem-rawat-color-logo1.jpg","contentUrl":"https:\/\/www.premrawat.com\/wp-content\/uploads\/2024\/01\/prem-rawat-color-logo1.jpg","width":201,"height":202,"caption":"Premrawat.com"},"logo":{"@id":"https:\/\/www.premrawat.com\/wp-content\/uploads\/2024\/01\/prem-rawat-color-logo1.jpg"}}]}},"_links":{"self":[{"href":"https:\/\/www.premrawat.com\/fr\/wp-json\/wp\/v2\/pages\/31291","targetHints":{"allow":["GET"]}}],"collection":[{"href":"https:\/\/www.premrawat.com\/fr\/wp-json\/wp\/v2\/pages"}],"about":[{"href":"https:\/\/www.premrawat.com\/fr\/wp-json\/wp\/v2\/types\/page"}],"author":[{"embeddable":true,"href":"https:\/\/www.premrawat.com\/fr\/wp-json\/wp\/v2\/users\/3"}],"replies":[{"embeddable":true,"href":"https:\/\/www.premrawat.com\/fr\/wp-json\/wp\/v2\/comments?post=31291"}],"version-history":[{"count":2,"href":"https:\/\/www.premrawat.com\/fr\/wp-json\/wp\/v2\/pages\/31291\/revisions"}],"predecessor-version":[{"id":31293,"href":"https:\/\/www.premrawat.com\/fr\/wp-json\/wp\/v2\/pages\/31291\/revisions\/31293"}],"wp:attachment":[{"href":"https:\/\/www.premrawat.com\/fr\/wp-json\/wp\/v2\/media?parent=31291"}],"curies":[{"name":"wp","href":"https:\/\/api.w.org\/{rel}","templated":true}]}}