{"id":57168,"date":"2023-01-07T05:44:00","date_gmt":"2023-01-07T04:44:00","guid":{"rendered":"https:\/\/www.premrawat.com\/respira\/"},"modified":"2025-11-13T17:45:36","modified_gmt":"2025-11-13T16:45:36","slug":"respira","status":"publish","type":"page","link":"https:\/\/www.premrawat.com\/es\/respira\/","title":{"rendered":"Respira"},"content":{"rendered":"<p>[et_pb_section fb_built=\u00bb1&#8243; custom_padding_last_edited=\u00bbon|desktop\u00bb _builder_version=\u00bb4.27.4&#8243; _module_preset=\u00bbdefault\u00bb width_tablet=\u00bb\u00bb width_phone=\u00bb92%\u00bb width_last_edited=\u00bbon|tablet\u00bb custom_margin_tablet=\u00bb||||false|false\u00bb custom_margin_phone=\u00bb||||false|false\u00bb custom_margin_last_edited=\u00bbon|tablet\u00bb custom_padding=\u00bb||99px||false|false\u00bb custom_padding_tablet=\u00bb||||false|false\u00bb custom_padding_phone=\u00bb||||false|false\u00bb module_alignment_tablet=\u00bbcenter\u00bb module_alignment_phone=\u00bbcenter\u00bb module_alignment_last_edited=\u00bbon|tablet\u00bb global_colors_info=\u00bb{}\u00bb][et_pb_row column_structure=\u00bb1_2,1_2&#8243; use_custom_gutter=\u00bbon\u00bb gutter_width=\u00bb2&#8243; custom_padding_last_edited=\u00bbon|desktop\u00bb _builder_version=\u00bb4.19.0&#8243; _module_preset=\u00bbdefault\u00bb custom_margin_tablet=\u00bb0px||||false|false\u00bb custom_margin_phone=\u00bb0px||||false|false\u00bb custom_margin_last_edited=\u00bbon|desktop\u00bb custom_padding=\u00bb7px||2px||false|false\u00bb custom_padding_tablet=\u00bb0px||||false|false\u00bb custom_padding_phone=\u00bb0px||||false|false\u00bb locked=\u00bboff\u00bb global_colors_info=\u00bb{}\u00bb][et_pb_column type=\u00bb1_2&#8243; _builder_version=\u00bb4.19.0&#8243; _module_preset=\u00bbdefault\u00bb global_colors_info=\u00bb{}\u00bb][et_pb_image src=\u00bbhttps:\/\/www.premrawat.com\/wp-content\/uploads\/2025\/09\/Espanol-respira-libro-Prem-Rawat-1.jpg\u00bb alt=\u00bbBreath: Wake Up to Life, Prem Rawat\u00bb title_text=\u00bbEspanol-respira-libro-Prem-Rawat-1&#8243; url=\u00bbhttps:\/\/respiralibro.es\u00bb align=\u00bbcenter\u00bb src_tablet=\u00bbhttps:\/\/www.premrawat.com\/wp-content\/uploads\/2025\/01\/Breath_Book_front_cover-1-1.png\u00bb src_phone=\u00bbhttps:\/\/www.premrawat.com\/wp-content\/uploads\/2025\/01\/Breath_Book_front_cover-1-1.png\u00bb src_last_edited=\u00bbon|phone\u00bb align_tablet=\u00bbcenter\u00bb align_phone=\u00bbcenter\u00bb align_last_edited=\u00bbon|phone\u00bb _builder_version=\u00bb4.27.4&#8243; _module_preset=\u00bbdefault\u00bb width=\u00bb85%\u00bb custom_margin=\u00bb34px||||false|false\u00bb custom_margin_tablet=\u00bb34px||||false|false\u00bb custom_margin_phone=\u00bb0px||||false|false\u00bb custom_margin_last_edited=\u00bbon|phone\u00bb custom_padding=\u00bb|||0px|false|false\u00bb global_colors_info=\u00bb{}\u00bb][\/et_pb_image][\/et_pb_column][et_pb_column type=\u00bb1_2&#8243; _builder_version=\u00bb4.19.0&#8243; _module_preset=\u00bbdefault\u00bb global_colors_info=\u00bb{}\u00bb][et_pb_text content_tablet=\u00bb<\/p>\n<h1 class=%22book-topper__overline%22 style=%22text-align: center;%22><strong>Breath: Wake Up to Life<\/strong><\/h1>\n<p>\u00bb content_phone=\u00bb<\/p>\n<h1 class=%22book-topper__overline%22 style=%22text-align: center;%22><strong>Breath: <br \/>Wake Up to Life<\/strong><\/h1>\n<p>\u00bb content_last_edited=\u00bboff|desktop\u00bb _builder_version=\u00bb4.27.4&#8243; _module_preset=\u00bbdefault\u00bb custom_margin=\u00bb42px|||||\u00bb locked=\u00bboff\u00bb global_colors_info=\u00bb{}\u00bb]<\/p>\n<h1 class=\"book-topper__overline\" style=\"text-align: center;\"><strong>Respira<\/strong><\/h1>\n<p><strong> <\/strong><\/p>\n<h2 style=\"text-align: center;\"><strong>Una gu\u00eda para encontrar la armon\u00eda en cada instante<\/strong><\/h2>\n<p>[\/et_pb_text][et_pb_text content_tablet=\u00bb<\/p>\n<h3 style=%22text-align: center;%22><strong>Prem Rawat\u2019s book,<br \/><i data-stringify-type=%22italic%22>Breath: Wake Up to Life<\/i>,<br \/>invites readers to connect with the<br \/>often overlooked power<br \/>within our breath.<\/strong><\/h3>\n<p>\u00bb content_phone=\u00bb<\/p>\n<h3 style=%22text-align: center;%22><strong>Prem Rawat\u2019s book<br \/><i data-stringify-type=%22italic%22>Breath: Wake Up to Life<\/i><br \/>invites readers to connect<br \/>with the often overlooked<br \/>power within our breath.<\/strong><\/h3>\n<p>\u00bb content_last_edited=\u00bboff|desktop\u00bb _builder_version=\u00bb4.27.4&#8243; _module_preset=\u00bbdefault\u00bb header_4_font_size=\u00bb23px\u00bb custom_margin=\u00bb||1px|||\u00bb custom_margin_tablet=\u00bb||1px|||\u00bb custom_margin_phone=\u00bb||1px|||\u00bb custom_margin_last_edited=\u00bbon|phone\u00bb custom_padding=\u00bb|||10px|false|false\u00bb header_3_font_size_phone=\u00bb28px\u00bb locked=\u00bboff\u00bb global_colors_info=\u00bb{}\u00bb]<\/p>\n<h3 style=\"text-align: center;\"><strong><br \/>El libro de Prem Rawat<br \/><em>Respira: Una gu\u00eda para encontrar<br \/>la armon\u00eda en cada instante<br \/><\/em> invita a los lectores a conectar con el poder, a veces ignorado, de nuestra respiraci\u00f3n.<\/strong><\/h3>\n<p>[\/et_pb_text][et_pb_text _builder_version=\u00bb4.27.4&#8243; _module_preset=\u00bbdefault\u00bb text_font_size=\u00bb24px\u00bb text_line_height=\u00bb1.3em\u00bb custom_margin=\u00bb40px||40px||true|false\u00bb custom_margin_tablet=\u00bb\u00bb custom_margin_phone=\u00bb\u00bb custom_margin_last_edited=\u00bbon|tablet\u00bb custom_padding=\u00bb0px|||||\u00bb custom_padding_tablet=\u00bb\u00bb custom_padding_phone=\u00bb\u00bb custom_padding_last_edited=\u00bbon|desktop\u00bb text_orientation_tablet=\u00bb\u00bb text_orientation_phone=\u00bbcenter\u00bb text_orientation_last_edited=\u00bbon|phone\u00bb global_colors_info=\u00bb{}\u00bb]<\/p>\n<p>Respiraremos muchas veces y finalmente llegar\u00e1 el \u00faltimo aliento, con el que dejaremos de existir en este mundo. Pero una vida no se define solo por las cosas que hacemos, sino por todo lo que aprendemos y acumulamos en nuestro coraz\u00f3n.<\/p>\n<p>[\/et_pb_text][\/et_pb_column][\/et_pb_row][et_pb_row _builder_version=\u00bb4.27.4&#8243; _module_preset=\u00bbdefault\u00bb custom_padding=\u00bb2px||0px||false|false\u00bb global_colors_info=\u00bb{}\u00bb][et_pb_column type=\u00bb4_4&#8243; _builder_version=\u00bb4.27.4&#8243; _module_preset=\u00bbdefault\u00bb global_colors_info=\u00bb{}\u00bb][et_pb_text content_tablet=\u00bb<\/p>\n<blockquote>\n<h3 style=%22text-align: center;%22>\u00bfCu\u00e1n importante es comprender que el aliento es realmente un don?<\/h3>\n<\/blockquote>\n<h5 style=%22text-align: right;%22>Prem Rawat<\/h5>\n<p>\u00bb content_phone=\u00bb<\/p>\n<blockquote>\n<h3 style=%22text-align: center;%22>\u00bfCu\u00e1n importante es comprender que el aliento es realmente un don?<\/h3>\n<\/blockquote>\n<h5 style=%22text-align: right;%22>Prem Rawat<\/h5>\n<p>\u00bb content_last_edited=\u00bbon|phone\u00bb _builder_version=\u00bb4.27.4&#8243; _module_preset=\u00bbdefault\u00bb header_3_line_height=\u00bb1.1em\u00bb custom_margin=\u00bb75px|20%|75px|20%|true|true\u00bb locked=\u00bboff\u00bb global_colors_info=\u00bb{}\u00bb]<\/p>\n<blockquote>\n<h3 style=\"text-align: center;\">\u00bfCu\u00e1n importante es comprender<br \/>que el aliento es realmente un don?<\/h3>\n<\/blockquote>\n<h5 style=\"text-align: right;\">Prem Rawat<\/h5>\n<p>[\/et_pb_text][et_pb_image src=\u00bbhttps:\/\/www.premrawat.com\/wp-content\/uploads\/2025\/01\/Prem_Rawat_Breath_Book_Cover-1.jpg\u00bb alt=\u00bbBreath: Wake Up to Life, Prem Rawat\u00bb title_text=\u00bbPrem_Rawat_Breath_Book_Cover-(1)\u00bb show_bottom_space=\u00bboff\u00bb align=\u00bbcenter\u00bb show_bottom_space_tablet=\u00bboff\u00bb show_bottom_space_phone=\u00bboff\u00bb show_bottom_space_last_edited=\u00bbon|desktop\u00bb _builder_version=\u00bb4.27.4&#8243; _module_preset=\u00bbdefault\u00bb width=\u00bb95%\u00bb width_tablet=\u00bb95%\u00bb width_phone=\u00bb100%\u00bb width_last_edited=\u00bbon|desktop\u00bb module_alignment=\u00bbright\u00bb custom_margin=\u00bb55px||||false|false\u00bb custom_margin_tablet=\u00bb55px||||false|false\u00bb custom_margin_phone=\u00bb0px||||false|false\u00bb custom_margin_last_edited=\u00bbon|desktop\u00bb custom_padding=\u00bb|||0px|false|false\u00bb global_colors_info=\u00bb{}\u00bb][\/et_pb_image][\/et_pb_column][\/et_pb_row][et_pb_row _builder_version=\u00bb4.27.4&#8243; _module_preset=\u00bbdefault\u00bb custom_margin=\u00bb0px|auto|0px|auto|false|false\u00bb global_colors_info=\u00bb{}\u00bb][et_pb_column type=\u00bb4_4&#8243; _builder_version=\u00bb4.27.4&#8243; _module_preset=\u00bbdefault\u00bb global_colors_info=\u00bb{}\u00bb][et_pb_button button_url=\u00bbhttps:\/\/respiralibro.es\u00bb url_new_window=\u00bbon\u00bb button_text=\u00bbPedir el Libro\u00bb button_alignment=\u00bbcenter\u00bb button_alignment_tablet=\u00bbcenter\u00bb button_alignment_phone=\u00bbcenter\u00bb button_alignment_last_edited=\u00bbon|tablet\u00bb _builder_version=\u00bb4.27.4&#8243; _module_preset=\u00bb52a8d7eb-8ac2-44f3-ac3e-d14ca87c4c95&#8243; button_text_size=\u00bb24px\u00bb button_text_color=\u00bb#ffffff\u00bb button_bg_color=\u00bb#fb9d04&#8243; button_border_radius=\u00bb9px\u00bb button_font=\u00bb|600|||||||\u00bb button_use_icon=\u00bbon\u00bb button_icon=\u00bb&#xe022;||divi||400&#8243; background_layout=\u00bbdark\u00bb custom_margin=\u00bb75px|||0px|false|false\u00bb custom_margin_tablet=\u00bb-8px|||0px|false|false\u00bb custom_margin_phone=\u00bb44px||19px|0px|false|false\u00bb custom_margin_last_edited=\u00bbon|desktop\u00bb custom_padding=\u00bb18px|10%|18px|8%|true|false\u00bb custom_padding_tablet=\u00bb10px|92px|10px|92px|false|true\u00bb custom_padding_phone=\u00bb18px|26%|18px|21%|true|false\u00bb custom_padding_last_edited=\u00bbon|desktop\u00bb hover_enabled=\u00bb0&#8243; button_text_size_tablet=\u00bb\u00bb button_text_size_phone=\u00bb18px\u00bb button_text_size_last_edited=\u00bbon|desktop\u00bb custom_css_main_element=\u00bbdisplay:inline-block;\u00bb locked=\u00bboff\u00bb global_colors_info=\u00bb{}\u00bb button_bg_color__hover_enabled=\u00bbon|hover\u00bb button_bg_color__hover=\u00bb#FB9D04&#8243; button_bg_enable_color__hover=\u00bbon\u00bb sticky_enabled=\u00bb0&#8243;][\/et_pb_button][\/et_pb_column][\/et_pb_row][\/et_pb_section]<\/p>\n","protected":false},"excerpt":{"rendered":"<p>Respira Una gu\u00eda para encontrar la armon\u00eda en cada instanteEl libro de Prem RawatRespira: Una gu\u00eda para encontrarla armon\u00eda en cada instante invita a los lectores a conectar con el poder, a veces ignorado, de nuestra respiraci\u00f3n.Respiraremos muchas veces y finalmente llegar\u00e1 el \u00faltimo aliento, con el que dejaremos de existir en este mundo. Pero [&hellip;]<\/p>\n","protected":false},"author":18,"featured_media":0,"parent":0,"menu_order":0,"comment_status":"closed","ping_status":"closed","template":"","meta":{"_acf_changed":false,"_et_pb_use_builder":"on","_et_pb_old_content":"","_et_gb_content_width":"","footnotes":""},"class_list":["post-57168","page","type-page","status-publish","hentry"],"acf":[],"yoast_head":"<!-- This site is optimized with the Yoast SEO plugin v27.3 - https:\/\/yoast.com\/product\/yoast-seo-wordpress\/ -->\n<title>Respira - Prem Rawat<\/title>\n<meta name=\"robots\" content=\"index, follow, max-snippet:-1, max-image-preview:large, max-video-preview:-1\" \/>\n<link rel=\"canonical\" href=\"https:\/\/www.premrawat.com\/es\/respira\/\" \/>\n<meta property=\"og:locale\" content=\"es_ES\" \/>\n<meta property=\"og:type\" content=\"article\" \/>\n<meta property=\"og:title\" content=\"Respira - Prem Rawat\" \/>\n<meta property=\"og:description\" content=\"Respira Una gu\u00eda para encontrar la armon\u00eda en cada instanteEl libro de Prem RawatRespira: Una gu\u00eda para encontrarla armon\u00eda en cada instante invita a los lectores a conectar con el poder, a veces ignorado, de nuestra respiraci\u00f3n.Respiraremos muchas veces y finalmente llegar\u00e1 el \u00faltimo aliento, con el que dejaremos de existir en este mundo. Pero [&hellip;]\" \/>\n<meta property=\"og:url\" content=\"https:\/\/www.premrawat.com\/es\/respira\/\" \/>\n<meta property=\"og:site_name\" content=\"Prem Rawat\" \/>\n<meta property=\"article:modified_time\" content=\"2025-11-13T16:45:36+00:00\" \/>\n<meta property=\"og:image\" content=\"https:\/\/www.premrawat.com\/wp-content\/uploads\/2023\/11\/prem-rawat-log-fb-preview.jpg\" \/>\n\t<meta property=\"og:image:width\" content=\"1200\" \/>\n\t<meta property=\"og:image:height\" content=\"627\" \/>\n\t<meta property=\"og:image:type\" content=\"image\/jpeg\" \/>\n<meta name=\"twitter:card\" content=\"summary_large_image\" \/>\n<meta name=\"twitter:label1\" content=\"Tiempo de lectura\" \/>\n\t<meta name=\"twitter:data1\" content=\"5 minutos\" \/>\n<script type=\"application\/ld+json\" class=\"yoast-schema-graph\">{\"@context\":\"https:\\\/\\\/schema.org\",\"@graph\":[{\"@type\":\"WebPage\",\"@id\":\"https:\\\/\\\/www.premrawat.com\\\/es\\\/respira\\\/\",\"url\":\"https:\\\/\\\/www.premrawat.com\\\/es\\\/respira\\\/\",\"name\":\"Respira - Prem Rawat\",\"isPartOf\":{\"@id\":\"https:\\\/\\\/www.premrawat.com\\\/es\\\/#website\"},\"datePublished\":\"2023-01-07T04:44:00+00:00\",\"dateModified\":\"2025-11-13T16:45:36+00:00\",\"breadcrumb\":{\"@id\":\"https:\\\/\\\/www.premrawat.com\\\/es\\\/respira\\\/#breadcrumb\"},\"inLanguage\":\"es\",\"potentialAction\":[{\"@type\":\"ReadAction\",\"target\":[\"https:\\\/\\\/www.premrawat.com\\\/es\\\/respira\\\/\"]}]},{\"@type\":\"BreadcrumbList\",\"@id\":\"https:\\\/\\\/www.premrawat.com\\\/es\\\/respira\\\/#breadcrumb\",\"itemListElement\":[{\"@type\":\"ListItem\",\"position\":1,\"name\":\"Home\",\"item\":\"https:\\\/\\\/www.premrawat.com\\\/es\\\/\"},{\"@type\":\"ListItem\",\"position\":2,\"name\":\"Respira\"}]},{\"@type\":\"WebSite\",\"@id\":\"https:\\\/\\\/www.premrawat.com\\\/es\\\/#website\",\"url\":\"https:\\\/\\\/www.premrawat.com\\\/es\\\/\",\"name\":\"Prem Rawat\",\"description\":\"Peace Educator and Best Selling Author\",\"publisher\":{\"@id\":\"https:\\\/\\\/www.premrawat.com\\\/es\\\/#\\\/schema\\\/person\\\/0f1af9977682af0b187541031c5c43fa\"},\"potentialAction\":[{\"@type\":\"SearchAction\",\"target\":{\"@type\":\"EntryPoint\",\"urlTemplate\":\"https:\\\/\\\/www.premrawat.com\\\/es\\\/?s={search_term_string}\"},\"query-input\":{\"@type\":\"PropertyValueSpecification\",\"valueRequired\":true,\"valueName\":\"search_term_string\"}}],\"inLanguage\":\"es\"},{\"@type\":[\"Person\",\"Organization\"],\"@id\":\"https:\\\/\\\/www.premrawat.com\\\/es\\\/#\\\/schema\\\/person\\\/0f1af9977682af0b187541031c5c43fa\",\"name\":\"Premrawat.com\",\"image\":{\"@type\":\"ImageObject\",\"inLanguage\":\"es\",\"@id\":\"https:\\\/\\\/www.premrawat.com\\\/wp-content\\\/uploads\\\/2024\\\/01\\\/prem-rawat-color-logo1.jpg\",\"url\":\"https:\\\/\\\/www.premrawat.com\\\/wp-content\\\/uploads\\\/2024\\\/01\\\/prem-rawat-color-logo1.jpg\",\"contentUrl\":\"https:\\\/\\\/www.premrawat.com\\\/wp-content\\\/uploads\\\/2024\\\/01\\\/prem-rawat-color-logo1.jpg\",\"width\":201,\"height\":202,\"caption\":\"Premrawat.com\"},\"logo\":{\"@id\":\"https:\\\/\\\/www.premrawat.com\\\/wp-content\\\/uploads\\\/2024\\\/01\\\/prem-rawat-color-logo1.jpg\"}}]}<\/script>\n<!-- \/ Yoast SEO plugin. -->","yoast_head_json":{"title":"Respira - Prem Rawat","robots":{"index":"index","follow":"follow","max-snippet":"max-snippet:-1","max-image-preview":"max-image-preview:large","max-video-preview":"max-video-preview:-1"},"canonical":"https:\/\/www.premrawat.com\/es\/respira\/","og_locale":"es_ES","og_type":"article","og_title":"Respira - Prem Rawat","og_description":"Respira Una gu\u00eda para encontrar la armon\u00eda en cada instanteEl libro de Prem RawatRespira: Una gu\u00eda para encontrarla armon\u00eda en cada instante invita a los lectores a conectar con el poder, a veces ignorado, de nuestra respiraci\u00f3n.Respiraremos muchas veces y finalmente llegar\u00e1 el \u00faltimo aliento, con el que dejaremos de existir en este mundo. Pero [&hellip;]","og_url":"https:\/\/www.premrawat.com\/es\/respira\/","og_site_name":"Prem Rawat","article_modified_time":"2025-11-13T16:45:36+00:00","og_image":[{"width":1200,"height":627,"url":"https:\/\/www.premrawat.com\/wp-content\/uploads\/2023\/11\/prem-rawat-log-fb-preview.jpg","type":"image\/jpeg"}],"twitter_card":"summary_large_image","twitter_misc":{"Tiempo de lectura":"5 minutos"},"schema":{"@context":"https:\/\/schema.org","@graph":[{"@type":"WebPage","@id":"https:\/\/www.premrawat.com\/es\/respira\/","url":"https:\/\/www.premrawat.com\/es\/respira\/","name":"Respira - Prem Rawat","isPartOf":{"@id":"https:\/\/www.premrawat.com\/es\/#website"},"datePublished":"2023-01-07T04:44:00+00:00","dateModified":"2025-11-13T16:45:36+00:00","breadcrumb":{"@id":"https:\/\/www.premrawat.com\/es\/respira\/#breadcrumb"},"inLanguage":"es","potentialAction":[{"@type":"ReadAction","target":["https:\/\/www.premrawat.com\/es\/respira\/"]}]},{"@type":"BreadcrumbList","@id":"https:\/\/www.premrawat.com\/es\/respira\/#breadcrumb","itemListElement":[{"@type":"ListItem","position":1,"name":"Home","item":"https:\/\/www.premrawat.com\/es\/"},{"@type":"ListItem","position":2,"name":"Respira"}]},{"@type":"WebSite","@id":"https:\/\/www.premrawat.com\/es\/#website","url":"https:\/\/www.premrawat.com\/es\/","name":"Prem Rawat","description":"Peace Educator and Best Selling Author","publisher":{"@id":"https:\/\/www.premrawat.com\/es\/#\/schema\/person\/0f1af9977682af0b187541031c5c43fa"},"potentialAction":[{"@type":"SearchAction","target":{"@type":"EntryPoint","urlTemplate":"https:\/\/www.premrawat.com\/es\/?s={search_term_string}"},"query-input":{"@type":"PropertyValueSpecification","valueRequired":true,"valueName":"search_term_string"}}],"inLanguage":"es"},{"@type":["Person","Organization"],"@id":"https:\/\/www.premrawat.com\/es\/#\/schema\/person\/0f1af9977682af0b187541031c5c43fa","name":"Premrawat.com","image":{"@type":"ImageObject","inLanguage":"es","@id":"https:\/\/www.premrawat.com\/wp-content\/uploads\/2024\/01\/prem-rawat-color-logo1.jpg","url":"https:\/\/www.premrawat.com\/wp-content\/uploads\/2024\/01\/prem-rawat-color-logo1.jpg","contentUrl":"https:\/\/www.premrawat.com\/wp-content\/uploads\/2024\/01\/prem-rawat-color-logo1.jpg","width":201,"height":202,"caption":"Premrawat.com"},"logo":{"@id":"https:\/\/www.premrawat.com\/wp-content\/uploads\/2024\/01\/prem-rawat-color-logo1.jpg"}}]}},"_links":{"self":[{"href":"https:\/\/www.premrawat.com\/es\/wp-json\/wp\/v2\/pages\/57168","targetHints":{"allow":["GET"]}}],"collection":[{"href":"https:\/\/www.premrawat.com\/es\/wp-json\/wp\/v2\/pages"}],"about":[{"href":"https:\/\/www.premrawat.com\/es\/wp-json\/wp\/v2\/types\/page"}],"author":[{"embeddable":true,"href":"https:\/\/www.premrawat.com\/es\/wp-json\/wp\/v2\/users\/18"}],"replies":[{"embeddable":true,"href":"https:\/\/www.premrawat.com\/es\/wp-json\/wp\/v2\/comments?post=57168"}],"version-history":[{"count":7,"href":"https:\/\/www.premrawat.com\/es\/wp-json\/wp\/v2\/pages\/57168\/revisions"}],"predecessor-version":[{"id":58359,"href":"https:\/\/www.premrawat.com\/es\/wp-json\/wp\/v2\/pages\/57168\/revisions\/58359"}],"wp:attachment":[{"href":"https:\/\/www.premrawat.com\/es\/wp-json\/wp\/v2\/media?parent=57168"}],"curies":[{"name":"wp","href":"https:\/\/api.w.org\/{rel}","templated":true}]}}