{"id":22481,"date":"2022-10-12T10:18:09","date_gmt":"2022-10-12T14:18:09","guid":{"rendered":"https:\/\/prdev.timelesstoday.io\/volunteer\/"},"modified":"2023-03-15T23:30:51","modified_gmt":"2023-03-16T03:30:51","slug":"volunteer","status":"publish","type":"page","link":"https:\/\/www.premrawat.com\/es\/volunteer\/","title":{"rendered":"Voluntariado"},"content":{"rendered":"<p>[et_pb_section fb_built=\u00bb1&#8243; _builder_version=\u00bb4.19.0&#8243; _module_preset=\u00bbdefault\u00bb background_color=\u00bb#43525A\u00bb background_enable_image=\u00bboff\u00bb height_tablet=\u00bb\u00bb height_phone=\u00bb\u00bb height_last_edited=\u00bbon|tablet\u00bb custom_margin=\u00bb0px|0px|0px||false|false\u00bb custom_margin_tablet=\u00bb\u00bb custom_margin_phone=\u00bb0px||-9px||false|false\u00bb custom_margin_last_edited=\u00bbon|phone\u00bb custom_padding=\u00bb0px||0px||false|false\u00bb background_last_edited=\u00bbon|desktop\u00bb background_enable_image_tablet=\u00bboff\u00bb background_enable_image_phone=\u00bboff\u00bb border_radii=\u00bboff|15px|15px||\u00bb border_radii_tablet=\u00bboff|15px|15px||\u00bb border_radii_phone=\u00bboff|0px|0px||\u00bb border_radii_last_edited=\u00bbon|desktop\u00bb global_colors_info=\u00bb{}\u00bb][et_pb_row custom_padding_last_edited=\u00bbon|phone\u00bb _builder_version=\u00bb4.19.0&#8243; _module_preset=\u00bb66acf936-5e18-4023-9eb9-47ded11b188c\u00bb custom_margin=\u00bb0px||0px||false|false\u00bb custom_margin_tablet=\u00bb\u00bb custom_margin_phone=\u00bb\u00bb custom_margin_last_edited=\u00bbon|phone\u00bb custom_padding=\u00bb0px||0px||false|false\u00bb custom_padding_tablet=\u00bb\u00bb custom_padding_phone=\u00bb\u00bb global_colors_info=\u00bb{}\u00bb][et_pb_column type=\u00bb4_4&#8243; _builder_version=\u00bb4.18.0&#8243; _module_preset=\u00bbdefault\u00bb global_colors_info=\u00bb{}\u00bb][et_pb_image src=\u00bbhttps:\/\/www.premrawat.com\/wp-content\/uploads\/2022\/10\/volunteers.jpg\u00bb alt=\u00bbVoluntariado\u00bb title_text=\u00bbVoluntariado\u00bb _builder_version=\u00bb4.19.0&#8243; _module_preset=\u00bbdefault\u00bb custom_margin=\u00bb0px||0px||false|false\u00bb custom_padding=\u00bb0px||0px||false|false\u00bb global_colors_info=\u00bb{}\u00bb][\/et_pb_image][et_pb_text module_class=\u00bbevents page-title-badge page-title-badge-absolute \u00bb _builder_version=\u00bb4.19.0&#8243; _module_preset=\u00bb5874aca8-bb50-4591-9e69-a0cc9f02b70c\u00bb header_font=\u00bbOpen Sans|500|||||||\u00bb header_font_size=\u00bb54px\u00bb background_color=\u00bb#1565b7&#8243; width_tablet=\u00bb\u00bb width_phone=\u00bb\u00bb width_last_edited=\u00bbon|desktop\u00bb max_width_tablet=\u00bb\u00bb max_width_phone=\u00bb\u00bb max_width_last_edited=\u00bbon|phone\u00bb custom_margin=\u00bb0px||||false|false\u00bb custom_padding=\u00bb10px|30px|10px|30px|true|false\u00bb custom_padding_tablet=\u00bb13px|34px|13px|34px|true|true\u00bb custom_padding_phone=\u00bb9px|30px|9px|34px|true|false\u00bb custom_padding_last_edited=\u00bbon|phone\u00bb header_font_size_tablet=\u00bb42px\u00bb header_font_size_phone=\u00bb28px\u00bb header_font_size_last_edited=\u00bbon|phone\u00bb border_radii=\u00bboff||15px|15px|\u00bb global_colors_info=\u00bb{}\u00bb]<\/p>\n<h1>Voluntariado<\/h1>\n<p>[\/et_pb_text][\/et_pb_column][\/et_pb_row][\/et_pb_section][et_pb_section fb_built=\u00bb1&#8243; _builder_version=\u00bb4.18.0&#8243; _module_preset=\u00bbdefault\u00bb background_color=\u00bb#f9f9f9&#8243; custom_padding=\u00bb31px||39px|||\u00bb border_radii=\u00bboff||||\u00bb global_colors_info=\u00bb{}\u00bb][et_pb_row custom_padding_last_edited=\u00bbon|desktop\u00bb _builder_version=\u00bb4.18.0&#8243; _module_preset=\u00bbdefault\u00bb custom_margin=\u00bb|auto||auto|false|false\u00bb custom_padding_tablet=\u00bb||0px||false|false\u00bb custom_padding_phone=\u00bb0px||||false|false\u00bb global_colors_info=\u00bb{}\u00bb][et_pb_column type=\u00bb4_4&#8243; _builder_version=\u00bb4.18.0&#8243; _module_preset=\u00bbdefault\u00bb global_colors_info=\u00bb{}\u00bb][et_pb_text _builder_version=\u00bb4.18.0&#8243; _module_preset=\u00bbdefault\u00bb text_font=\u00bbOpen Sans|300|||||||\u00bb text_text_color=\u00bb#000000&#8243; text_font_size=\u00bb25px\u00bb text_line_height=\u00bb1.4em\u00bb header_font=\u00bb|600|||||||\u00bb header_2_font=\u00bbOpen Sans|600|||||||\u00bb header_2_text_color=\u00bb#333333&#8243; background_color=\u00bbRGBA(255,255,255,0)\u00bb width=\u00bb86%\u00bb module_alignment=\u00bbcenter\u00bb custom_margin_tablet=\u00bb\u00bb custom_margin_phone=\u00bb0px||||false|false\u00bb custom_margin_last_edited=\u00bbon|phone\u00bb custom_padding_tablet=\u00bb||||false|false\u00bb custom_padding_phone=\u00bb0px|15px||15px|false|true\u00bb custom_padding_last_edited=\u00bbon|desktop\u00bb text_font_size_tablet=\u00bb22px\u00bb text_font_size_phone=\u00bb18px\u00bb text_font_size_last_edited=\u00bbon|phone\u00bb header_2_font_size_tablet=\u00bb\u00bb header_2_font_size_phone=\u00bb22px\u00bb header_2_font_size_last_edited=\u00bbon|phone\u00bb global_colors_info=\u00bb{}\u00bb]<\/p>\n<h2>S\u00e9 voluntario y marca la diferencia<\/h2>\n<p>Es la dedicaci\u00f3n de personas como t\u00fa, que, a trav\u00e9s del mundo entero, se unen y hacen posible la labor humanitaria de Prem Rawat. Hay muchas oportunidades diferentes para que te unas y juegues un papel decisivo en sus esfuerzos para lidiar con las necesidades humanas b\u00e1sicas y que la gente descubra su paz personal.<\/p>\n<p>[\/et_pb_text][et_pb_text _builder_version=\u00bb4.18.0&#8243; _module_preset=\u00bbdefault\u00bb text_font=\u00bbOpen Sans|300|||||||\u00bb text_text_color=\u00bb#000000&#8243; text_font_size=\u00bb25px\u00bb text_line_height=\u00bb1.4em\u00bb header_font=\u00bb|600|||||||\u00bb header_2_font=\u00bbOpen Sans|600|||||||\u00bb header_2_text_color=\u00bb#333333&#8243; background_color=\u00bbRGBA(255,255,255,0)\u00bb width=\u00bb86%\u00bb module_alignment=\u00bbcenter\u00bb custom_margin=\u00bb-11px||||false|false\u00bb custom_padding_tablet=\u00bb\u00bb custom_padding_phone=\u00bb|15px||15px|false|true\u00bb custom_padding_last_edited=\u00bbon|desktop\u00bb text_font_size_tablet=\u00bb22px\u00bb text_font_size_phone=\u00bb18px\u00bb text_font_size_last_edited=\u00bbon|phone\u00bb header_2_font_size_tablet=\u00bb\u00bb header_2_font_size_phone=\u00bb22px\u00bb header_2_font_size_last_edited=\u00bbon|phone\u00bb global_colors_info=\u00bb{}\u00bb]<\/p>\n<p>Exponemos unas cuantas formas en que tus talentos, tu creatividad y tu entusiasmo, adem\u00e1s de ser apreciados, pueden marcar la diferencia.<\/p>\n<p>[\/et_pb_text][\/et_pb_column][\/et_pb_row][\/et_pb_section][et_pb_section fb_built=\u00bb1&#8243; _builder_version=\u00bb4.18.0&#8243; _module_preset=\u00bbdefault\u00bb custom_padding=\u00bb0px||19px||false|false\u00bb global_colors_info=\u00bb{}\u00bb][et_pb_row _builder_version=\u00bb4.19.0&#8243; _module_preset=\u00bbdefault\u00bb background_color=\u00bb#1565b7&#8243; custom_margin=\u00bb||||false|false\u00bb custom_padding=\u00bb||||false|false\u00bb border_radii=\u00bboff|||15px|15px\u00bb border_radii_tablet=\u00bboff|||15px|15px\u00bb border_radii_phone=\u00bboff|||0px|0px\u00bb border_radii_last_edited=\u00bbon|desktop\u00bb global_colors_info=\u00bb{}\u00bb][et_pb_column type=\u00bb4_4&#8243; _builder_version=\u00bb4.18.0&#8243; _module_preset=\u00bbdefault\u00bb global_colors_info=\u00bb{}\u00bb][et_pb_text _builder_version=\u00bb4.19.0&#8243; _module_preset=\u00bbdefault\u00bb text_text_color=\u00bb#000000&#8243; header_3_font=\u00bbRaleway|500|on||||||\u00bb header_3_text_color=\u00bb#FFFFFF\u00bb header_3_font_size=\u00bb36px\u00bb header_3_line_height=\u00bb1.7em\u00bb width=\u00bb80%\u00bb module_alignment=\u00bbcenter\u00bb custom_margin=\u00bb||||false|false\u00bb custom_margin_tablet=\u00bb||||false|false\u00bb custom_margin_phone=\u00bb||||false|false\u00bb custom_margin_last_edited=\u00bbon|phone\u00bb custom_padding=\u00bb15px||15px||true|false\u00bb custom_padding_tablet=\u00bb|15px||15px|true|true\u00bb custom_padding_phone=\u00bb|15px||15px|true|true\u00bb custom_padding_last_edited=\u00bbon|tablet\u00bb header_3_font_size_tablet=\u00bb34px\u00bb header_3_font_size_phone=\u00bb24px\u00bb header_3_font_size_last_edited=\u00bbon|tablet\u00bb global_colors_info=\u00bb{}\u00bb]<\/p>\n<h3>\u201cLos seres humanos tienen el coraz\u00f3n m\u00e1s grande. Cuando deciden compartir la bondad, ocurre algo sin precedentes \u201c. \u2014 Prem Rawat<\/h3>\n<p>[\/et_pb_text][\/et_pb_column][\/et_pb_row][et_pb_row column_structure=\u00bb2_5,3_5&#8243; use_custom_gutter=\u00bbon\u00bb gutter_width=\u00bb2&#8243; _builder_version=\u00bb4.19.0&#8243; _module_preset=\u00bbdefault\u00bb custom_padding=\u00bb80px||0px||false|false\u00bb global_colors_info=\u00bb{}\u00bb][et_pb_column type=\u00bb2_5&#8243; _builder_version=\u00bb4.18.0&#8243; _module_preset=\u00bbdefault\u00bb global_colors_info=\u00bb{}\u00bb][et_pb_image src=\u00bbhttps:\/\/www.premrawat.com\/wp-content\/uploads\/2022\/11\/icpa22-booth.jpg\u00bb title_text=\u00bbicpa22 booth\u00bb _builder_version=\u00bb4.19.0&#8243; _module_preset=\u00bbdefault\u00bb border_radii=\u00bbon|15px|15px|15px|15px\u00bb border_radii_tablet=\u00bbon|15px|15px|15px|15px\u00bb border_radii_phone=\u00bbon|0px|0px|0px|0px\u00bb border_radii_last_edited=\u00bbon|desktop\u00bb global_colors_info=\u00bb{}\u00bb][\/et_pb_image][\/et_pb_column][et_pb_column type=\u00bb3_5&#8243; _builder_version=\u00bb4.18.0&#8243; _module_preset=\u00bbdefault\u00bb global_colors_info=\u00bb{}\u00bb][et_pb_text _builder_version=\u00bb4.19.0&#8243; _module_preset=\u00bbdefault\u00bb text_text_color=\u00bb#000000&#8243; text_font_size=\u00bb20px\u00bb link_text_color=\u00bb#1565b7&#8243; header_font=\u00bbOpen Sans||||||||\u00bb header_2_font=\u00bbOpen Sans|600|||||||\u00bb header_2_text_color=\u00bb#000000&#8243; header_2_font_size=\u00bb28px\u00bb header_2_line_height=\u00bb1.3em\u00bb custom_padding=\u00bb0px|15px|15px|15px|false|true\u00bb border_radii=\u00bbon|15px|15px|15px|15px\u00bb border_color_all=\u00bb#3a8dd5&#8243; global_colors_info=\u00bb{}\u00bb]<\/p>\n<h2>Hazte voluntario de la Fundaci\u00f3n Prem Rawat (TPRF) y del Programa de Educaci\u00f3n para la paz.<\/h2>\n<p>La Fundaci\u00f3n, sin \u00e1nimo de lucro, de Prem Rawat, est\u00e1 compuesta casi en su totalidad por voluntarios, que trabajan juntos en 80 pa\u00edses, para promover la dignidad, paz y prosperidad, a trav\u00e9s de programas emblem\u00e1ticos como Educaci\u00f3n para la paz, Alimentos para la gente y otros.<\/p>\n<p><a href=\"https:\/\/tprf.org\/volunteer\/\"><strong>Aqu\u00ed pueden encontrarse las plazas disponibles y los impresos para ocuparlas.<\/strong><\/a><\/p>\n<p>Si deseas ayudar a que el Programa de Educaci\u00f3n para la paz est\u00e9 disponible para nuevos grupos, por favor, <a href=\"https:\/\/tprf.org\/peace-education-program\/\">visita las p\u00e1ginas web en las que encontrar\u00e1s m\u00e1s infomaci\u00f3n <\/a>, or o escribe a <a href=\"mailto:pep@tprf.org\">pep@tprf.org.<\/a><\/p>\n<p>[\/et_pb_text][\/et_pb_column][\/et_pb_row][et_pb_row column_structure=\u00bb2_5,3_5&#8243; use_custom_gutter=\u00bbon\u00bb gutter_width=\u00bb2&#8243; _builder_version=\u00bb4.19.0&#8243; _module_preset=\u00bbdefault\u00bb custom_padding=\u00bb||0px||false|false\u00bb global_colors_info=\u00bb{}\u00bb][et_pb_column type=\u00bb2_5&#8243; _builder_version=\u00bb4.18.0&#8243; _module_preset=\u00bbdefault\u00bb global_colors_info=\u00bb{}\u00bb][et_pb_image src=\u00bbhttps:\/\/www.premrawat.com\/wp-content\/uploads\/2022\/11\/29714370_154117858601834_3061780192730021888_n.webp\u00bb title_text=\u00bb29714370_154117858601834_3061780192730021888_n\u00bb _builder_version=\u00bb4.19.0&#8243; _module_preset=\u00bbdefault\u00bb border_radii=\u00bbon|15px|15px|15px|15px\u00bb border_radii_tablet=\u00bbon|15px|15px|15px|15px\u00bb border_radii_phone=\u00bbon|0px|0px|0px|0px\u00bb border_radii_last_edited=\u00bbon|desktop\u00bb global_colors_info=\u00bb{}\u00bb][\/et_pb_image][\/et_pb_column][et_pb_column type=\u00bb3_5&#8243; _builder_version=\u00bb4.18.0&#8243; _module_preset=\u00bbdefault\u00bb global_colors_info=\u00bb{}\u00bb][et_pb_text _builder_version=\u00bb4.19.3&#8243; _module_preset=\u00bbdefault\u00bb text_text_color=\u00bb#000000&#8243; text_font_size=\u00bb20px\u00bb link_text_color=\u00bb#1565b7&#8243; header_font=\u00bbOpen Sans||||||||\u00bb header_2_font=\u00bbOpen Sans|600|||||||\u00bb header_2_text_color=\u00bb#000000&#8243; header_2_font_size=\u00bb28px\u00bb header_2_line_height=\u00bb1.3em\u00bb custom_padding=\u00bb0px|15px|15px|15px|false|true\u00bb border_radii=\u00bbon|15px|15px|15px|15px\u00bb border_color_all=\u00bb#3a8dd5&#8243; global_colors_info=\u00bb{}\u00bb]<\/p>\n<h2>Voluntario para grupos regionales b\u00e1sicos.<\/h2>\n<p>Adem\u00e1s del voluntariado en las organizaciones de Prem Rawat, grupos informales de personas se re\u00fanen regularmente para apoyar su trabajo en todo el mundo de otras formas creativas.\n<\/p>\n<p>Las oportunidades de voluntariado con estos grupos se publicar\u00e1n aqu\u00ed a medida que est\u00e9n disponibles.<\/p>\n<p>[\/et_pb_text][\/et_pb_column][\/et_pb_row][et_pb_row column_structure=\u00bb2_5,3_5&#8243; use_custom_gutter=\u00bbon\u00bb gutter_width=\u00bb2&#8243; _builder_version=\u00bb4.19.0&#8243; _module_preset=\u00bbdefault\u00bb custom_padding=\u00bb||0px||false|false\u00bb global_colors_info=\u00bb{}\u00bb][et_pb_column type=\u00bb2_5&#8243; _builder_version=\u00bb4.18.0&#8243; _module_preset=\u00bbdefault\u00bb global_colors_info=\u00bb{}\u00bb][et_pb_image src=\u00bbhttps:\/\/www.premrawat.com\/wp-content\/uploads\/2022\/11\/ranchi-washing-hands-copy.jpg\u00bb title_text=\u00bbranchi washing hands copy\u00bb _builder_version=\u00bb4.19.3&#8243; _module_preset=\u00bbdefault\u00bb custom_padding=\u00bb0px||||false|false\u00bb border_radii=\u00bbon|15px|15px|15px|15px\u00bb border_radii_tablet=\u00bbon|15px|15px|15px|15px\u00bb border_radii_phone=\u00bbon|0px|0px|0px|0px\u00bb border_radii_last_edited=\u00bbon|phone\u00bb global_colors_info=\u00bb{}\u00bb][\/et_pb_image][\/et_pb_column][et_pb_column type=\u00bb3_5&#8243; _builder_version=\u00bb4.18.0&#8243; _module_preset=\u00bbdefault\u00bb global_colors_info=\u00bb{}\u00bb][et_pb_text _builder_version=\u00bb4.19.0&#8243; _module_preset=\u00bbdefault\u00bb text_text_color=\u00bb#000000&#8243; text_font_size=\u00bb20px\u00bb link_text_color=\u00bb#1565b7&#8243; header_font=\u00bbOpen Sans||||||||\u00bb header_2_font=\u00bbOpen Sans|600|||||||\u00bb header_2_text_color=\u00bb#000000&#8243; header_2_font_size=\u00bb28px\u00bb header_2_line_height=\u00bb1.3em\u00bb custom_padding=\u00bb0px|15px|15px|15px|false|true\u00bb border_radii=\u00bbon|15px|15px|15px|15px\u00bb border_color_all=\u00bb#3a8dd5&#8243; global_colors_info=\u00bb{}\u00bb]<\/p>\n<h2>S\u00e9 voluntario en Raj Vidya Kender (RVK)<\/h2>\n<p>Los voluntarios de esta organizaci\u00f3n sin fines de lucro apoyan las actividades de Prem Rawat en India, incluidos eventos en vivo y servicios humanitarios como cl\u00ednicas de atenci\u00f3n oftalmol\u00f3gica y ayuda alimentaria para personas desfavorecidas.<\/p>\n<p>Si vive en India, puede ofrecerse como voluntario para oportunidades con <a href=\"https:\/\/rajvidyakender.org\/volunteer.php\"><strong>RVK aqu\u00ed.<\/strong><\/a><\/p>\n<p>[\/et_pb_text][\/et_pb_column][\/et_pb_row][et_pb_row _builder_version=\u00bb4.19.0&#8243; _module_preset=\u00bbdefault\u00bb custom_margin=\u00bb|auto|0px|auto|false|false\u00bb custom_padding=\u00bb6px||0px||false|false\u00bb global_colors_info=\u00bb{}\u00bb][et_pb_column type=\u00bb4_4&#8243; _builder_version=\u00bb4.18.0&#8243; _module_preset=\u00bbdefault\u00bb global_colors_info=\u00bb{}\u00bb][\/et_pb_column][\/et_pb_row][\/et_pb_section][et_pb_section fb_built=\u00bb1&#8243; admin_label=\u00bb3 modules for video and blog carousels\u00bb _builder_version=\u00bb4.18.0&#8243; _module_preset=\u00bbdefault\u00bb custom_margin=\u00bb0px||||false|false\u00bb custom_padding=\u00bb0px||0px||false|false\u00bb global_colors_info=\u00bb{}\u00bb][et_pb_row _builder_version=\u00bb4.18.0&#8243; _module_preset=\u00bbdefault\u00bb custom_margin=\u00bb||0px||false|false\u00bb custom_padding=\u00bb10px||0px||false|false\u00bb global_colors_info=\u00bb{}\u00bb][et_pb_column type=\u00bb4_4&#8243; _builder_version=\u00bb4.18.0&#8243; _module_preset=\u00bbdefault\u00bb global_colors_info=\u00bb{}\u00bb][et_pb_text _builder_version=\u00bb4.19.0&#8243; _module_preset=\u00bbdefault\u00bb header_3_font=\u00bb|600|||||||\u00bb header_3_text_color=\u00bb#000000&#8243; global_colors_info=\u00bb{}\u00bb]<\/p>\n<h3>Noticias sobre Voluntariado y Donaci\u00f3n<\/h3>\n<p>[\/et_pb_text][\/et_pb_column][\/et_pb_row][\/et_pb_section][et_pb_section fb_built=\u00bb1&#8243; _builder_version=\u00bb4.18.0&#8243; _module_preset=\u00bbdefault\u00bb custom_padding=\u00bb4px||7px|||\u00bb global_colors_info=\u00bb{}\u00bb][et_pb_row _builder_version=\u00bb4.18.0&#8243; _module_preset=\u00bbdefault\u00bb custom_padding=\u00bb11px|||||\u00bb global_colors_info=\u00bb{}\u00bb][et_pb_column type=\u00bb4_4&#8243; _builder_version=\u00bb4.18.0&#8243; _module_preset=\u00bbdefault\u00bb global_colors_info=\u00bb{}\u00bb][dgbm_blog_module posts_number=\u00bb3&#8243; type=\u00bb3&#8243; include_categories=\u00bb3705,3696&#8243; show_categories=\u00bboff\u00bb show_author=\u00bboff\u00bb show_date=\u00bboff\u00bb show_pagination=\u00bboff\u00bb image_size=\u00bbdefault_image\u00bb image_overlay=\u00bbon\u00bb article_padding=\u00bb||||false|false\u00bb content_padding=\u00bb10px||||false|false\u00bb text_margin=\u00bb15px||||false|false\u00bb module_class=\u00bbfix-thumbnail-height\u00bb _builder_version=\u00bb4.19.3&#8243; _module_preset=\u00bbdefault\u00bb title_font=\u00bbOpen Sans|600|||||||\u00bb title_font_size=\u00bb18px\u00bb title_line_height=\u00bb1.3em\u00bb content_font=\u00bbOpen Sans||||||||\u00bb content_font_size=\u00bb18px\u00bb border_radii_image=\u00bbon|15px|15px|15px|15px\u00bb border_radii_image_tablet=\u00bbon|15px|15px|15px|15px\u00bb border_radii_image_phone=\u00bbon|0px|0px|0px|0px\u00bb border_radii_image_last_edited=\u00bbon|tablet\u00bb border_radii_post_item_tablet=\u00bb\u00bb border_radii_post_item_phone=\u00bb\u00bb border_radii_post_item_last_edited=\u00bbon|phone\u00bb global_colors_info=\u00bb{}\u00bb][\/dgbm_blog_module][\/et_pb_column][\/et_pb_row][\/et_pb_section]<\/p>\n","protected":false},"excerpt":{"rendered":"<p>VoluntariadoS\u00e9 voluntario y marca la diferencia Es la dedicaci\u00f3n de personas como t\u00fa, que, a trav\u00e9s del mundo entero, se unen y hacen posible la labor humanitaria de Prem Rawat. Hay muchas oportunidades diferentes para que te unas y juegues un papel decisivo en sus esfuerzos para lidiar con las necesidades humanas b\u00e1sicas y que [&hellip;]<\/p>\n","protected":false},"author":4,"featured_media":0,"parent":0,"menu_order":0,"comment_status":"closed","ping_status":"closed","template":"","meta":{"_acf_changed":false,"_et_pb_use_builder":"on","_et_pb_old_content":"","_et_gb_content_width":"","footnotes":""},"class_list":["post-22481","page","type-page","status-publish","hentry"],"acf":[],"yoast_head":"<!-- This site is optimized with the Yoast SEO plugin v27.3 - https:\/\/yoast.com\/product\/yoast-seo-wordpress\/ -->\n<title>Voluntariado - Prem Rawat<\/title>\n<meta name=\"robots\" content=\"index, follow, max-snippet:-1, max-image-preview:large, max-video-preview:-1\" \/>\n<link rel=\"canonical\" href=\"https:\/\/www.premrawat.com\/es\/volunteer\/\" \/>\n<meta property=\"og:locale\" content=\"es_ES\" \/>\n<meta property=\"og:type\" content=\"article\" \/>\n<meta property=\"og:title\" content=\"Voluntariado - Prem Rawat\" \/>\n<meta property=\"og:description\" content=\"VoluntariadoS\u00e9 voluntario y marca la diferencia Es la dedicaci\u00f3n de personas como t\u00fa, que, a trav\u00e9s del mundo entero, se unen y hacen posible la labor humanitaria de Prem Rawat. Hay muchas oportunidades diferentes para que te unas y juegues un papel decisivo en sus esfuerzos para lidiar con las necesidades humanas b\u00e1sicas y que [&hellip;]\" \/>\n<meta property=\"og:url\" content=\"https:\/\/www.premrawat.com\/es\/volunteer\/\" \/>\n<meta property=\"og:site_name\" content=\"Prem Rawat\" \/>\n<meta property=\"article:modified_time\" content=\"2023-03-16T03:30:51+00:00\" \/>\n<meta property=\"og:image\" content=\"https:\/\/www.premrawat.com\/wp-content\/uploads\/2023\/11\/prem-rawat-log-fb-preview.jpg\" \/>\n\t<meta property=\"og:image:width\" content=\"1200\" \/>\n\t<meta property=\"og:image:height\" content=\"627\" \/>\n\t<meta property=\"og:image:type\" content=\"image\/jpeg\" \/>\n<meta name=\"twitter:card\" content=\"summary_large_image\" \/>\n<meta name=\"twitter:label1\" content=\"Tiempo de lectura\" \/>\n\t<meta name=\"twitter:data1\" content=\"10 minutos\" \/>\n<script type=\"application\/ld+json\" class=\"yoast-schema-graph\">{\"@context\":\"https:\\\/\\\/schema.org\",\"@graph\":[{\"@type\":\"WebPage\",\"@id\":\"https:\\\/\\\/www.premrawat.com\\\/es\\\/volunteer\\\/\",\"url\":\"https:\\\/\\\/www.premrawat.com\\\/es\\\/volunteer\\\/\",\"name\":\"Voluntariado - Prem Rawat\",\"isPartOf\":{\"@id\":\"https:\\\/\\\/www.premrawat.com\\\/es\\\/#website\"},\"datePublished\":\"2022-10-12T14:18:09+00:00\",\"dateModified\":\"2023-03-16T03:30:51+00:00\",\"breadcrumb\":{\"@id\":\"https:\\\/\\\/www.premrawat.com\\\/es\\\/volunteer\\\/#breadcrumb\"},\"inLanguage\":\"es\",\"potentialAction\":[{\"@type\":\"ReadAction\",\"target\":[\"https:\\\/\\\/www.premrawat.com\\\/es\\\/volunteer\\\/\"]}]},{\"@type\":\"BreadcrumbList\",\"@id\":\"https:\\\/\\\/www.premrawat.com\\\/es\\\/volunteer\\\/#breadcrumb\",\"itemListElement\":[{\"@type\":\"ListItem\",\"position\":1,\"name\":\"Home\",\"item\":\"https:\\\/\\\/www.premrawat.com\\\/es\\\/\"},{\"@type\":\"ListItem\",\"position\":2,\"name\":\"Voluntariado\"}]},{\"@type\":\"WebSite\",\"@id\":\"https:\\\/\\\/www.premrawat.com\\\/es\\\/#website\",\"url\":\"https:\\\/\\\/www.premrawat.com\\\/es\\\/\",\"name\":\"Prem Rawat\",\"description\":\"Peace Educator and Best Selling Author\",\"publisher\":{\"@id\":\"https:\\\/\\\/www.premrawat.com\\\/es\\\/#\\\/schema\\\/person\\\/0f1af9977682af0b187541031c5c43fa\"},\"potentialAction\":[{\"@type\":\"SearchAction\",\"target\":{\"@type\":\"EntryPoint\",\"urlTemplate\":\"https:\\\/\\\/www.premrawat.com\\\/es\\\/?s={search_term_string}\"},\"query-input\":{\"@type\":\"PropertyValueSpecification\",\"valueRequired\":true,\"valueName\":\"search_term_string\"}}],\"inLanguage\":\"es\"},{\"@type\":[\"Person\",\"Organization\"],\"@id\":\"https:\\\/\\\/www.premrawat.com\\\/es\\\/#\\\/schema\\\/person\\\/0f1af9977682af0b187541031c5c43fa\",\"name\":\"Premrawat.com\",\"image\":{\"@type\":\"ImageObject\",\"inLanguage\":\"es\",\"@id\":\"https:\\\/\\\/www.premrawat.com\\\/wp-content\\\/uploads\\\/2024\\\/01\\\/prem-rawat-color-logo1.jpg\",\"url\":\"https:\\\/\\\/www.premrawat.com\\\/wp-content\\\/uploads\\\/2024\\\/01\\\/prem-rawat-color-logo1.jpg\",\"contentUrl\":\"https:\\\/\\\/www.premrawat.com\\\/wp-content\\\/uploads\\\/2024\\\/01\\\/prem-rawat-color-logo1.jpg\",\"width\":201,\"height\":202,\"caption\":\"Premrawat.com\"},\"logo\":{\"@id\":\"https:\\\/\\\/www.premrawat.com\\\/wp-content\\\/uploads\\\/2024\\\/01\\\/prem-rawat-color-logo1.jpg\"}}]}<\/script>\n<!-- \/ Yoast SEO plugin. -->","yoast_head_json":{"title":"Voluntariado - Prem Rawat","robots":{"index":"index","follow":"follow","max-snippet":"max-snippet:-1","max-image-preview":"max-image-preview:large","max-video-preview":"max-video-preview:-1"},"canonical":"https:\/\/www.premrawat.com\/es\/volunteer\/","og_locale":"es_ES","og_type":"article","og_title":"Voluntariado - Prem Rawat","og_description":"VoluntariadoS\u00e9 voluntario y marca la diferencia Es la dedicaci\u00f3n de personas como t\u00fa, que, a trav\u00e9s del mundo entero, se unen y hacen posible la labor humanitaria de Prem Rawat. Hay muchas oportunidades diferentes para que te unas y juegues un papel decisivo en sus esfuerzos para lidiar con las necesidades humanas b\u00e1sicas y que [&hellip;]","og_url":"https:\/\/www.premrawat.com\/es\/volunteer\/","og_site_name":"Prem Rawat","article_modified_time":"2023-03-16T03:30:51+00:00","og_image":[{"width":1200,"height":627,"url":"https:\/\/www.premrawat.com\/wp-content\/uploads\/2023\/11\/prem-rawat-log-fb-preview.jpg","type":"image\/jpeg"}],"twitter_card":"summary_large_image","twitter_misc":{"Tiempo de lectura":"10 minutos"},"schema":{"@context":"https:\/\/schema.org","@graph":[{"@type":"WebPage","@id":"https:\/\/www.premrawat.com\/es\/volunteer\/","url":"https:\/\/www.premrawat.com\/es\/volunteer\/","name":"Voluntariado - Prem Rawat","isPartOf":{"@id":"https:\/\/www.premrawat.com\/es\/#website"},"datePublished":"2022-10-12T14:18:09+00:00","dateModified":"2023-03-16T03:30:51+00:00","breadcrumb":{"@id":"https:\/\/www.premrawat.com\/es\/volunteer\/#breadcrumb"},"inLanguage":"es","potentialAction":[{"@type":"ReadAction","target":["https:\/\/www.premrawat.com\/es\/volunteer\/"]}]},{"@type":"BreadcrumbList","@id":"https:\/\/www.premrawat.com\/es\/volunteer\/#breadcrumb","itemListElement":[{"@type":"ListItem","position":1,"name":"Home","item":"https:\/\/www.premrawat.com\/es\/"},{"@type":"ListItem","position":2,"name":"Voluntariado"}]},{"@type":"WebSite","@id":"https:\/\/www.premrawat.com\/es\/#website","url":"https:\/\/www.premrawat.com\/es\/","name":"Prem Rawat","description":"Peace Educator and Best Selling Author","publisher":{"@id":"https:\/\/www.premrawat.com\/es\/#\/schema\/person\/0f1af9977682af0b187541031c5c43fa"},"potentialAction":[{"@type":"SearchAction","target":{"@type":"EntryPoint","urlTemplate":"https:\/\/www.premrawat.com\/es\/?s={search_term_string}"},"query-input":{"@type":"PropertyValueSpecification","valueRequired":true,"valueName":"search_term_string"}}],"inLanguage":"es"},{"@type":["Person","Organization"],"@id":"https:\/\/www.premrawat.com\/es\/#\/schema\/person\/0f1af9977682af0b187541031c5c43fa","name":"Premrawat.com","image":{"@type":"ImageObject","inLanguage":"es","@id":"https:\/\/www.premrawat.com\/wp-content\/uploads\/2024\/01\/prem-rawat-color-logo1.jpg","url":"https:\/\/www.premrawat.com\/wp-content\/uploads\/2024\/01\/prem-rawat-color-logo1.jpg","contentUrl":"https:\/\/www.premrawat.com\/wp-content\/uploads\/2024\/01\/prem-rawat-color-logo1.jpg","width":201,"height":202,"caption":"Premrawat.com"},"logo":{"@id":"https:\/\/www.premrawat.com\/wp-content\/uploads\/2024\/01\/prem-rawat-color-logo1.jpg"}}]}},"_links":{"self":[{"href":"https:\/\/www.premrawat.com\/es\/wp-json\/wp\/v2\/pages\/22481","targetHints":{"allow":["GET"]}}],"collection":[{"href":"https:\/\/www.premrawat.com\/es\/wp-json\/wp\/v2\/pages"}],"about":[{"href":"https:\/\/www.premrawat.com\/es\/wp-json\/wp\/v2\/types\/page"}],"author":[{"embeddable":true,"href":"https:\/\/www.premrawat.com\/es\/wp-json\/wp\/v2\/users\/4"}],"replies":[{"embeddable":true,"href":"https:\/\/www.premrawat.com\/es\/wp-json\/wp\/v2\/comments?post=22481"}],"version-history":[{"count":17,"href":"https:\/\/www.premrawat.com\/es\/wp-json\/wp\/v2\/pages\/22481\/revisions"}],"predecessor-version":[{"id":33220,"href":"https:\/\/www.premrawat.com\/es\/wp-json\/wp\/v2\/pages\/22481\/revisions\/33220"}],"wp:attachment":[{"href":"https:\/\/www.premrawat.com\/es\/wp-json\/wp\/v2\/media?parent=22481"}],"curies":[{"name":"wp","href":"https:\/\/api.w.org\/{rel}","templated":true}]}}